{"id":301,"date":"2023-11-28T00:54:35","date_gmt":"2023-11-28T00:54:35","guid":{"rendered":"https:\/\/cdmitjans.com\/?page_id=301"},"modified":"2024-03-21T14:40:03","modified_gmt":"2024-03-21T13:40:03","slug":"declaracion-de-accesibilidad","status":"publish","type":"page","link":"https:\/\/cdmitjans.com\/fr\/declaracion-de-accesibilidad\/","title":{"rendered":"D\u00e9claration d&#039;accessibilit\u00e9"},"content":{"rendered":"<div data-elementor-type=\"wp-page\" data-elementor-id=\"301\" class=\"elementor elementor-301\" data-elementor-post-type=\"page\">\n\t\t\t\t<div class=\"elementor-element elementor-element-3837a10 e-flex e-con-boxed e-con e-parent\" data-id=\"3837a10\" data-element_type=\"container\">\n\t\t\t\t\t<div class=\"e-con-inner\">\n\t\t\t\t<div class=\"elementor-element elementor-element-e8baf9e elementor-widget elementor-widget-heading\" data-id=\"e8baf9e\" data-element_type=\"widget\" data-widget_type=\"heading.default\">\n\t\t\t\t<div class=\"elementor-widget-container\">\n\t\t\t\t\t<h2 class=\"elementor-heading-title elementor-size-default\">D\u00e9claration d&#039;accessibilit\u00e9<\/h2>\t\t\t\t<\/div>\n\t\t\t\t<\/div>\n\t\t\t\t<div class=\"elementor-element elementor-element-02ea51a elementor-widget elementor-widget-text-editor\" data-id=\"02ea51a\" data-element_type=\"widget\" data-widget_type=\"text-editor.default\">\n\t\t\t\t<div class=\"elementor-widget-container\">\n\t\t\t\t\t\t\t\t\t<p>CREACIONES Y DISE\u00d1O MITJANS SL s&#039;est engag\u00e9 \u00e0 rendre son site Web accessible, conform\u00e9ment au d\u00e9cret royal 1112\/2018 du 7 septembre sur l&#039;accessibilit\u00e9 des sites Web et des applications pour les appareils mobiles du secteur public. Cette d\u00e9claration d&#039;accessibilit\u00e9 s&#039;applique \u00e0 ce site Web.<\/p><h2 class=\"wp-block-heading\">Statut de conformit\u00e9<\/h2><p>Ce site Web est d\u00e9velopp\u00e9 conform\u00e9ment au RD 1112\/2018<\/p><h2 class=\"wp-block-heading\">Pr\u00e9paration de la prochaine d\u00e9claration d&#039;accessibilit\u00e9<\/h2><p>Cette d\u00e9claration a \u00e9t\u00e9 pr\u00e9par\u00e9e le 20 avril 2023. La m\u00e9thode utilis\u00e9e pour pr\u00e9parer la d\u00e9claration a \u00e9t\u00e9 une auto-\u00e9valuation.<\/p><h2 class=\"wp-block-heading\">Observations et coordonn\u00e9es<\/h2><p>Vous pouvez effectuer des communications sur les exigences d&#039;accessibilit\u00e9 (article 10.2.a de l&#039;AR 1112\/2018) telles que\u00a0:<\/p><ul><li>Signaler toute violation \u00e9ventuelle de ce site Web<\/li><li>Transmettre d&#039;autres difficult\u00e9s d&#039;acc\u00e8s au contenu<\/li><li>Posez toute autre question ou suggestion d&#039;am\u00e9lioration concernant l&#039;accessibilit\u00e9 du site via le formulaire de contact de ce site ou via le num\u00e9ro de t\u00e9l\u00e9phone\u00a0<\/li><\/ul><p>Vous pouvez pr\u00e9senter :<\/p><ul><li>Plainte concernant le respect des exigences du RD 1112\/2018<\/li><li>Demande d\u2019informations accessibles concernant :<ul><li>Contenus exclus du champ d&#039;application du RD 1112\/2018 conform\u00e9ment \u00e0 ce qui est \u00e9tabli \u00e0 l&#039;article 3, section 4<\/li><li>Contenu exempt\u00e9 du respect des exigences en mati\u00e8re d&#039;accessibilit\u00e9 pour imposer une charge disproportionn\u00e9e<\/li><li>Dans la Demande d&#039;information accessible, les faits, les motifs et la demande doivent \u00eatre clairement pr\u00e9cis\u00e9s, permettant de v\u00e9rifier qu&#039;il s&#039;agit d&#039;une demande raisonnable et l\u00e9gitime.<\/li><\/ul><\/li><\/ul><p>Les plaintes et r\u00e9clamations concernant les informations accessibles seront d\u00e9pos\u00e9es via le si\u00e8ge \u00e9lectronique (https:\/\/sede.red.gob.es\/procedimientos\/quejas-y-sugerencias), et seront re\u00e7ues et trait\u00e9es par la zone des syst\u00e8mes d&#039;information de Red. es.<\/p><h2 class=\"wp-block-heading\">Contenu facultatif<\/h2><ul><li>Si vous souhaitez modifier la taille de la police du texte dans les principaux navigateurs graphiques, utilisez les menus suivants :<\/li><li>Safari\u00a0:\u00a0Affichage\u00a0&gt; Agrandir le texte<\/li><li>Chrome\u00a0:\u00a0Contr\u00f4ler la page actuelle\u00a0&gt; Taille du texte<\/li><\/ul><p>Pour tout redimensionner sur la page\u00a0:<\/p><ul><li>Ctrl++ pour l&#039;augmenter<\/li><li>Ctrl + \u2013 pour le diminuer<\/li><li>Ctrl + 0 restaure la taille du texte d&#039;origine<\/li><li>Si vous souhaitez remplacer la feuille de style ou modifier la couleur du texte, vous pouvez consulter la page Comment changer la taille ou les couleurs du texte du WAI, qui peut \u00eatre lue traduite en espagnol dans Comment changer la taille ou les couleurs du texte ?<\/li><\/ul>\t\t\t\t\t\t\t\t<\/div>\n\t\t\t\t<\/div>\n\t\t\t\t\t<\/div>\n\t\t\t\t<\/div>\n\t\t\t\t<\/div>","protected":false},"excerpt":{"rendered":"<p>D\u00e9claration d&#039;accessibilit\u00e9. CREACIONES Y DISE\u00d1O MITJANS SL s&#039;engage \u00e0 rendre son site web accessible, conform\u00e9ment au d\u00e9cret royal 1112\/2018 du 7 septembre relatif \u00e0 l&#039;accessibilit\u00e9 des sites web et des applications mobiles du secteur public. Cette d\u00e9claration d&#039;accessibilit\u00e9 s&#039;applique \u00e0 ce site web. Statut de conformit\u00e9\u00a0: Ce site web [\u2026]<\/p>","protected":false},"author":1,"featured_media":0,"parent":0,"menu_order":8,"comment_status":"closed","ping_status":"closed","template":"","meta":{"footnotes":""},"class_list":["post-301","page","type-page","status-publish","hentry"],"yoast_head":"<!-- This site is optimized with the Yoast SEO plugin v25.8 - https:\/\/yoast.com\/wordpress\/plugins\/seo\/ -->\n<title>Declaraci\u00f3n de Accesibilidad - CD Mitjans<\/title>\n<meta name=\"robots\" content=\"index, follow, max-snippet:-1, max-image-preview:large, max-video-preview:-1\" \/>\n<link rel=\"canonical\" href=\"https:\/\/cdmitjans.com\/fr\/declaracion-de-accesibilidad\/\" \/>\n<meta property=\"og:locale\" content=\"fr_FR\" \/>\n<meta property=\"og:type\" content=\"article\" \/>\n<meta property=\"og:title\" content=\"Declaraci\u00f3n de Accesibilidad - CD Mitjans\" \/>\n<meta property=\"og:description\" content=\"Declaraci\u00f3n de Accesibilidad CREACIONES Y DISE\u00d1O MITJANS S.L. se ha comprometido a hacer accesible su sitio web, conforme al Real Decreto 1112\/2018, de 7 de septiembre, sobre accesibilidad de los sitios web y aplicaciones para dispositivos m\u00f3viles del sector p\u00fablico. Esta declaraci\u00f3n de accesibilidad se aplica a esta web. Situaci\u00f3n de cumplimiento Este sitio web [&hellip;]\" \/>\n<meta property=\"og:url\" content=\"https:\/\/cdmitjans.com\/fr\/declaracion-de-accesibilidad\/\" \/>\n<meta property=\"og:site_name\" content=\"CD Mitjans\" \/>\n<meta property=\"article:modified_time\" content=\"2024-03-21T13:40:03+00:00\" \/>\n<meta name=\"twitter:card\" content=\"summary_large_image\" \/>\n<meta name=\"twitter:label1\" content=\"Dur\u00e9e de lecture estim\u00e9e\" \/>\n\t<meta name=\"twitter:data1\" content=\"2 minutes\" \/>\n<script type=\"application\/ld+json\" class=\"yoast-schema-graph\">{\"@context\":\"https:\/\/schema.org\",\"@graph\":[{\"@type\":\"WebPage\",\"@id\":\"https:\/\/cdmitjans.com\/declaracion-de-accesibilidad\/\",\"url\":\"https:\/\/cdmitjans.com\/declaracion-de-accesibilidad\/\",\"name\":\"Declaraci\u00f3n de Accesibilidad - CD Mitjans\",\"isPartOf\":{\"@id\":\"https:\/\/cdmitjans.com\/en\/#website\"},\"datePublished\":\"2023-11-28T00:54:35+00:00\",\"dateModified\":\"2024-03-21T13:40:03+00:00\",\"breadcrumb\":{\"@id\":\"https:\/\/cdmitjans.com\/declaracion-de-accesibilidad\/#breadcrumb\"},\"inLanguage\":\"fr-FR\",\"potentialAction\":[{\"@type\":\"ReadAction\",\"target\":[\"https:\/\/cdmitjans.com\/declaracion-de-accesibilidad\/\"]}]},{\"@type\":\"BreadcrumbList\",\"@id\":\"https:\/\/cdmitjans.com\/declaracion-de-accesibilidad\/#breadcrumb\",\"itemListElement\":[{\"@type\":\"ListItem\",\"position\":1,\"name\":\"Portada\",\"item\":\"https:\/\/cdmitjans.com\/\"},{\"@type\":\"ListItem\",\"position\":2,\"name\":\"Declaraci\u00f3n de Accesibilidad\"}]},{\"@type\":\"WebSite\",\"@id\":\"https:\/\/cdmitjans.com\/en\/#website\",\"url\":\"https:\/\/cdmitjans.com\/en\/\",\"name\":\"CD Mitjans\",\"description\":\"\",\"potentialAction\":[{\"@type\":\"SearchAction\",\"target\":{\"@type\":\"EntryPoint\",\"urlTemplate\":\"https:\/\/cdmitjans.com\/en\/?s={search_term_string}\"},\"query-input\":{\"@type\":\"PropertyValueSpecification\",\"valueRequired\":true,\"valueName\":\"search_term_string\"}}],\"inLanguage\":\"fr-FR\"}]}<\/script>\n<!-- \/ Yoast SEO plugin. -->","yoast_head_json":{"title":"D\u00e9claration d&#039;accessibilit\u00e9 - CD Mitjans","robots":{"index":"index","follow":"follow","max-snippet":"max-snippet:-1","max-image-preview":"max-image-preview:large","max-video-preview":"max-video-preview:-1"},"canonical":"https:\/\/cdmitjans.com\/fr\/declaracion-de-accesibilidad\/","og_locale":"fr_FR","og_type":"article","og_title":"Declaraci\u00f3n de Accesibilidad - CD Mitjans","og_description":"Declaraci\u00f3n de Accesibilidad CREACIONES Y DISE\u00d1O MITJANS S.L. se ha comprometido a hacer accesible su sitio web, conforme al Real Decreto 1112\/2018, de 7 de septiembre, sobre accesibilidad de los sitios web y aplicaciones para dispositivos m\u00f3viles del sector p\u00fablico. Esta declaraci\u00f3n de accesibilidad se aplica a esta web. Situaci\u00f3n de cumplimiento Este sitio web [&hellip;]","og_url":"https:\/\/cdmitjans.com\/fr\/declaracion-de-accesibilidad\/","og_site_name":"CD Mitjans","article_modified_time":"2024-03-21T13:40:03+00:00","twitter_card":"summary_large_image","twitter_misc":{"Dur\u00e9e de lecture estim\u00e9e":"2 minutes"},"schema":{"@context":"https:\/\/schema.org","@graph":[{"@type":"WebPage","@id":"https:\/\/cdmitjans.com\/declaracion-de-accesibilidad\/","url":"https:\/\/cdmitjans.com\/declaracion-de-accesibilidad\/","name":"D\u00e9claration d&#039;accessibilit\u00e9 - CD Mitjans","isPartOf":{"@id":"https:\/\/cdmitjans.com\/en\/#website"},"datePublished":"2023-11-28T00:54:35+00:00","dateModified":"2024-03-21T13:40:03+00:00","breadcrumb":{"@id":"https:\/\/cdmitjans.com\/declaracion-de-accesibilidad\/#breadcrumb"},"inLanguage":"fr-FR","potentialAction":[{"@type":"ReadAction","target":["https:\/\/cdmitjans.com\/declaracion-de-accesibilidad\/"]}]},{"@type":"BreadcrumbList","@id":"https:\/\/cdmitjans.com\/declaracion-de-accesibilidad\/#breadcrumb","itemListElement":[{"@type":"ListItem","position":1,"name":"Portada","item":"https:\/\/cdmitjans.com\/"},{"@type":"ListItem","position":2,"name":"Declaraci\u00f3n de Accesibilidad"}]},{"@type":"WebSite","@id":"https:\/\/cdmitjans.com\/en\/#website","url":"https:\/\/cdmitjans.com\/en\/","name":"CD Mitjans","description":"","potentialAction":[{"@type":"SearchAction","target":{"@type":"EntryPoint","urlTemplate":"https:\/\/cdmitjans.com\/en\/?s={search_term_string}"},"query-input":{"@type":"PropertyValueSpecification","valueRequired":true,"valueName":"search_term_string"}}],"inLanguage":"fr-FR"}]}},"_links":{"self":[{"href":"https:\/\/cdmitjans.com\/fr\/wp-json\/wp\/v2\/pages\/301","targetHints":{"allow":["GET"]}}],"collection":[{"href":"https:\/\/cdmitjans.com\/fr\/wp-json\/wp\/v2\/pages"}],"about":[{"href":"https:\/\/cdmitjans.com\/fr\/wp-json\/wp\/v2\/types\/page"}],"author":[{"embeddable":true,"href":"https:\/\/cdmitjans.com\/fr\/wp-json\/wp\/v2\/users\/1"}],"replies":[{"embeddable":true,"href":"https:\/\/cdmitjans.com\/fr\/wp-json\/wp\/v2\/comments?post=301"}],"version-history":[{"count":10,"href":"https:\/\/cdmitjans.com\/fr\/wp-json\/wp\/v2\/pages\/301\/revisions"}],"predecessor-version":[{"id":703,"href":"https:\/\/cdmitjans.com\/fr\/wp-json\/wp\/v2\/pages\/301\/revisions\/703"}],"wp:attachment":[{"href":"https:\/\/cdmitjans.com\/fr\/wp-json\/wp\/v2\/media?parent=301"}],"curies":[{"name":"wp","href":"https:\/\/api.w.org\/{rel}","templated":true}]}}