{"id":123,"date":"2023-11-27T12:25:56","date_gmt":"2023-11-27T12:25:56","guid":{"rendered":"https:\/\/cdmitjans.com\/?page_id=123"},"modified":"2024-03-21T14:43:46","modified_gmt":"2024-03-21T13:43:46","slug":"quienes-somos","status":"publish","type":"page","link":"https:\/\/cdmitjans.com\/fr\/quienes-somos\/","title":{"rendered":"Qui sommes nous"},"content":{"rendered":"<div data-elementor-type=\"wp-page\" data-elementor-id=\"123\" class=\"elementor elementor-123\" data-elementor-post-type=\"page\">\n\t\t\t\t\t\t<section class=\"elementor-section elementor-top-section elementor-element elementor-element-4cc8a278 elementor-section-height-min-height elementor-section-boxed elementor-section-height-default elementor-section-items-middle\" data-id=\"4cc8a278\" data-element_type=\"section\" data-settings=\"{&quot;background_background&quot;:&quot;classic&quot;}\">\n\t\t\t\t\t\t\t<div class=\"elementor-background-overlay\"><\/div>\n\t\t\t\t\t\t\t<div class=\"elementor-container elementor-column-gap-default\">\n\t\t\t\t\t<div class=\"elementor-column elementor-col-100 elementor-top-column elementor-element elementor-element-72ebd29c\" data-id=\"72ebd29c\" data-element_type=\"column\">\n\t\t\t<div class=\"elementor-widget-wrap elementor-element-populated\">\n\t\t\t\t\t\t<div class=\"elementor-element elementor-element-775dee42 elementor-widget elementor-widget-heading\" data-id=\"775dee42\" data-element_type=\"widget\" data-widget_type=\"heading.default\">\n\t\t\t\t<div class=\"elementor-widget-container\">\n\t\t\t\t\t<h5 class=\"elementor-heading-title elementor-size-default\">l&#039;histoire de notre marque<\/h5>\t\t\t\t<\/div>\n\t\t\t\t<\/div>\n\t\t\t\t<div class=\"elementor-element elementor-element-57ee6d11 elementor-widget elementor-widget-heading\" data-id=\"57ee6d11\" data-element_type=\"widget\" data-widget_type=\"heading.default\">\n\t\t\t\t<div class=\"elementor-widget-container\">\n\t\t\t\t\t<h2 class=\"elementor-heading-title elementor-size-default\">\u00c0 propos de nous<\/h2>\t\t\t\t<\/div>\n\t\t\t\t<\/div>\n\t\t\t\t\t<\/div>\n\t\t<\/div>\n\t\t\t\t\t<\/div>\n\t\t<\/section>\n\t\t<div class=\"elementor-element elementor-element-c56385b e-flex e-con-boxed e-con e-parent\" data-id=\"c56385b\" data-element_type=\"container\" data-settings=\"{&quot;background_background&quot;:&quot;classic&quot;}\">\n\t\t\t\t\t<div class=\"e-con-inner\">\n\t\t<div class=\"elementor-element elementor-element-46cfa47 e-con-full e-flex elementor-invisible e-con e-child\" data-id=\"46cfa47\" data-element_type=\"container\" data-settings=\"{&quot;animation&quot;:&quot;fadeInLeft&quot;,&quot;background_background&quot;:&quot;classic&quot;}\">\n\t\t\t\t<div class=\"elementor-element elementor-element-b768de6 elementor-widget-tablet__width-initial elementor-widget elementor-widget-image\" data-id=\"b768de6\" data-element_type=\"widget\" data-widget_type=\"image.default\">\n\t\t\t\t<div class=\"elementor-widget-container\">\n\t\t\t\t\t\t\t\t\t\t\t\t\t\t\t<img fetchpriority=\"high\" decoding=\"async\" width=\"2420\" height=\"1613\" src=\"https:\/\/cdmitjans.com\/wp-content\/uploads\/2023\/11\/540261-540262-663-Iria.jpg\" class=\"attachment-full size-full wp-image-57\" alt=\"\" srcset=\"https:\/\/cdmitjans.com\/wp-content\/uploads\/2023\/11\/540261-540262-663-Iria.jpg 2420w, https:\/\/cdmitjans.com\/wp-content\/uploads\/2023\/11\/540261-540262-663-Iria-300x200.jpg 300w, https:\/\/cdmitjans.com\/wp-content\/uploads\/2023\/11\/540261-540262-663-Iria-1024x683.jpg 1024w, https:\/\/cdmitjans.com\/wp-content\/uploads\/2023\/11\/540261-540262-663-Iria-768x512.jpg 768w, https:\/\/cdmitjans.com\/wp-content\/uploads\/2023\/11\/540261-540262-663-Iria-1536x1024.jpg 1536w, https:\/\/cdmitjans.com\/wp-content\/uploads\/2023\/11\/540261-540262-663-Iria-2048x1365.jpg 2048w\" sizes=\"(max-width: 2420px) 100vw, 2420px\" \/>\t\t\t\t\t\t\t\t\t\t\t\t\t\t\t<\/div>\n\t\t\t\t<\/div>\n\t\t\t\t<\/div>\n\t\t<div class=\"elementor-element elementor-element-823a0ce e-con-full e-flex elementor-invisible e-con e-child\" data-id=\"823a0ce\" data-element_type=\"container\" data-settings=\"{&quot;animation&quot;:&quot;fadeInRight&quot;}\">\n\t\t\t\t<div class=\"elementor-element elementor-element-210af82 elementor-widget elementor-widget-heading\" data-id=\"210af82\" data-element_type=\"widget\" data-widget_type=\"heading.default\">\n\t\t\t\t<div class=\"elementor-widget-container\">\n\t\t\t\t\t<h5 class=\"elementor-heading-title elementor-size-default\">fond\u00e9e en 1939<\/h5>\t\t\t\t<\/div>\n\t\t\t\t<\/div>\n\t\t\t\t<div class=\"elementor-element elementor-element-69a7d39 elementor-widget elementor-widget-heading\" data-id=\"69a7d39\" data-element_type=\"widget\" data-widget_type=\"heading.default\">\n\t\t\t\t<div class=\"elementor-widget-container\">\n\t\t\t\t\t<h2 class=\"elementor-heading-title elementor-size-default\">Histoire <\/h2>\t\t\t\t<\/div>\n\t\t\t\t<\/div>\n\t\t\t\t<div class=\"elementor-element elementor-element-d5f90f3 elementor-widget-mobile__width-initial elementor-widget elementor-widget-text-editor\" data-id=\"d5f90f3\" data-element_type=\"widget\" data-widget_type=\"text-editor.default\">\n\t\t\t\t<div class=\"elementor-widget-container\">\n\t\t\t\t\t\t\t\t\t<p><b>Mitjans<\/b><span style=\"font-weight: 400;\"> est une entreprise situ\u00e9e \u00e0 Barcelone sp\u00e9cialis\u00e9e dans la conception et la fabrication de robes de plage, de lingerie et de pyjamas, qui, avec une histoire impressionnante depuis 1939, se trouve dans une phase passionnante d&#039;expansion europ\u00e9enne. Notre mission est <strong>offrir un produit de qualit\u00e9, moderne et national<\/strong> qui refl\u00e8te l&#039;\u00e9l\u00e9gance dans chaque v\u00eatement que nous cr\u00e9ons. Nous nous engageons en faveur de l&#039;inclusion, c&#039;est pourquoi notre vari\u00e9t\u00e9 de tailles permet \u00e0 toutes les femmes de trouver des v\u00eatements qui les rendent belles et confiantes.<\/span><\/p><p><span style=\"font-weight: 400;\">Dans un march\u00e9 de masse, o\u00f9 la production de masse devient courante, chez Mitjans nous accordons une valeur particuli\u00e8re \u00e0 la qualit\u00e9 de nos v\u00eatements. Chacun d&#039;eux est le r\u00e9sultat d&#039;un <strong>processus de conception et de fabrication soign\u00e9<\/strong>, ce qui nous permet d&#039;offrir \u00e0 nos clients exigeants un v\u00eatement unique, de haute qualit\u00e9, qui se d\u00e9marque dans un monde satur\u00e9 d&#039;options.<\/span><\/p>\t\t\t\t\t\t\t\t<\/div>\n\t\t\t\t<\/div>\n\t\t\t\t<\/div>\n\t\t\t\t\t<\/div>\n\t\t\t\t<\/div>\n\t\t\t\t<section class=\"elementor-section elementor-top-section elementor-element elementor-element-19a1770d elementor-section-height-min-height elementor-section-content-middle elementor-section-items-stretch elementor-section-boxed elementor-section-height-default\" data-id=\"19a1770d\" data-element_type=\"section\" data-settings=\"{&quot;background_background&quot;:&quot;classic&quot;}\">\n\t\t\t\t\t\t\t<div class=\"elementor-background-overlay\"><\/div>\n\t\t\t\t\t\t\t<div class=\"elementor-container elementor-column-gap-default\">\n\t\t\t\t\t<div class=\"elementor-column elementor-col-100 elementor-top-column elementor-element elementor-element-28e624f8\" data-id=\"28e624f8\" data-element_type=\"column\" data-settings=\"{&quot;background_background&quot;:&quot;classic&quot;}\">\n\t\t\t<div class=\"elementor-widget-wrap elementor-element-populated\">\n\t\t\t\t\t\t<section class=\"elementor-section elementor-inner-section elementor-element elementor-element-48e3cb63 elementor-section-full_width elementor-section-height-min-height elementor-section-height-default\" data-id=\"48e3cb63\" data-element_type=\"section\">\n\t\t\t\t\t\t<div class=\"elementor-container elementor-column-gap-default\">\n\t\t\t\t\t<div class=\"elementor-column elementor-col-50 elementor-inner-column elementor-element elementor-element-2d2bbf8 elementor-invisible\" data-id=\"2d2bbf8\" data-element_type=\"column\" data-settings=\"{&quot;animation&quot;:&quot;fadeInRight&quot;}\">\n\t\t\t<div class=\"elementor-widget-wrap elementor-element-populated\">\n\t\t\t\t\t\t<div class=\"elementor-element elementor-element-d91a10f elementor-widget elementor-widget-heading\" data-id=\"d91a10f\" data-element_type=\"widget\" data-widget_type=\"heading.default\">\n\t\t\t\t<div class=\"elementor-widget-container\">\n\t\t\t\t\t<h5 class=\"elementor-heading-title elementor-size-default\">Sans interm\u00e9diaires<\/h5>\t\t\t\t<\/div>\n\t\t\t\t<\/div>\n\t\t\t\t<div class=\"elementor-element elementor-element-7fa8cd1 elementor-widget elementor-widget-heading\" data-id=\"7fa8cd1\" data-element_type=\"widget\" data-widget_type=\"heading.default\">\n\t\t\t\t<div class=\"elementor-widget-container\">\n\t\t\t\t\t<h2 class=\"elementor-heading-title elementor-size-default\">V\u00eatements nationaux <br>\nOrientation internationale<\/h2>\t\t\t\t<\/div>\n\t\t\t\t<\/div>\n\t\t\t\t<div class=\"elementor-element elementor-element-c971aed elementor-widget-tablet__width-initial elementor-widget elementor-widget-text-editor\" data-id=\"c971aed\" data-element_type=\"widget\" data-widget_type=\"text-editor.default\">\n\t\t\t\t<div class=\"elementor-widget-container\">\n\t\t\t\t\t\t\t\t\t<p>Toutes nos collections sont con\u00e7ues et fabriqu\u00e9es en Espagne. <b>Nous fabriquons et distribuons nous-m\u00eames le 100%<\/b>. Nous nous distinguons par la fabrication de v\u00eatements de lingerie de haute qualit\u00e9.<br \/>Nous sommes pr\u00e9sents sur le march\u00e9 national et dans les pays europ\u00e9ens comme la Belgique, l&#039;Autriche, la France... Nos collections s&#039;articulent autour de : Homewear, robes de plage, chemises de nuit, peignoirs, pyjamas, etc.<br \/>Nous sommes actuellement en train d&#039;\u00e9largir notre r\u00e9seau de distributeurs, et en pleine <strong>expansion internationale<\/strong>.<\/p>\t\t\t\t\t\t\t\t<\/div>\n\t\t\t\t<\/div>\n\t\t\t\t\t<\/div>\n\t\t<\/div>\n\t\t\t\t<div class=\"elementor-column elementor-col-50 elementor-inner-column elementor-element elementor-element-157cb91 elementor-invisible\" data-id=\"157cb91\" data-element_type=\"column\" data-settings=\"{&quot;animation&quot;:&quot;fadeInLeft&quot;,&quot;background_background&quot;:&quot;classic&quot;}\">\n\t\t\t<div class=\"elementor-widget-wrap elementor-element-populated\">\n\t\t\t\t\t<div class=\"elementor-background-overlay\"><\/div>\n\t\t\t\t\t\t<div class=\"elementor-element elementor-element-5d15f86 elementor-widget elementor-widget-image\" data-id=\"5d15f86\" data-element_type=\"widget\" data-widget_type=\"image.default\">\n\t\t\t\t<div class=\"elementor-widget-container\">\n\t\t\t\t\t\t\t\t\t\t\t\t\t\t\t<img decoding=\"async\" width=\"682\" height=\"1024\" src=\"https:\/\/cdmitjans.com\/wp-content\/uploads\/2023\/11\/720398-657-Kristen-724398-682x1024.jpg\" class=\"attachment-large size-large wp-image-72\" alt=\"\" srcset=\"https:\/\/cdmitjans.com\/wp-content\/uploads\/2023\/11\/720398-657-Kristen-724398-682x1024.jpg 682w, https:\/\/cdmitjans.com\/wp-content\/uploads\/2023\/11\/720398-657-Kristen-724398-200x300.jpg 200w, https:\/\/cdmitjans.com\/wp-content\/uploads\/2023\/11\/720398-657-Kristen-724398-768x1152.jpg 768w, https:\/\/cdmitjans.com\/wp-content\/uploads\/2023\/11\/720398-657-Kristen-724398-1024x1536.jpg 1024w, https:\/\/cdmitjans.com\/wp-content\/uploads\/2023\/11\/720398-657-Kristen-724398.jpg 1075w\" sizes=\"(max-width: 682px) 100vw, 682px\" \/>\t\t\t\t\t\t\t\t\t\t\t\t\t\t\t<\/div>\n\t\t\t\t<\/div>\n\t\t\t\t\t<\/div>\n\t\t<\/div>\n\t\t\t\t\t<\/div>\n\t\t<\/section>\n\t\t\t\t\t<\/div>\n\t\t<\/div>\n\t\t\t\t\t<\/div>\n\t\t<\/section>\n\t\t\t\t<\/div>","protected":false},"excerpt":{"rendered":"<p>la historia de nuestra marca Sobre nosotros fundada en 1939 Historia Mitjans es una empresa situada en Barcelona especializada en el dise\u00f1o y la confecci\u00f3n de vestidos de playa, lencer\u00eda y pijamas, que con una trayectoria impresionante desde 1939, se encuentra en una emocionante fase de expansi\u00f3n europea. Nuestra misi\u00f3n es ofrecer un producto de [&hellip;]<\/p>","protected":false},"author":1,"featured_media":0,"parent":0,"menu_order":2,"comment_status":"closed","ping_status":"closed","template":"","meta":{"footnotes":""},"class_list":["post-123","page","type-page","status-publish","hentry"],"yoast_head":"<!-- This site is optimized with the Yoast SEO plugin v25.8 - https:\/\/yoast.com\/wordpress\/plugins\/seo\/ -->\n<title>Qui\u00e9nes Somos - CD Mitjans<\/title>\n<meta name=\"robots\" content=\"index, follow, max-snippet:-1, max-image-preview:large, max-video-preview:-1\" \/>\n<link rel=\"canonical\" href=\"https:\/\/cdmitjans.com\/fr\/quienes-somos\/\" \/>\n<meta property=\"og:locale\" content=\"fr_FR\" \/>\n<meta property=\"og:type\" content=\"article\" \/>\n<meta property=\"og:title\" content=\"Qui\u00e9nes Somos - CD Mitjans\" \/>\n<meta property=\"og:description\" content=\"la historia de nuestra marca Sobre nosotros fundada en 1939 Historia Mitjans es una empresa situada en Barcelona especializada en el dise\u00f1o y la confecci\u00f3n de vestidos de playa, lencer\u00eda y pijamas, que con una trayectoria impresionante desde 1939, se encuentra en una emocionante fase de expansi\u00f3n europea. Nuestra misi\u00f3n es ofrecer un producto de [&hellip;]\" \/>\n<meta property=\"og:url\" content=\"https:\/\/cdmitjans.com\/fr\/quienes-somos\/\" \/>\n<meta property=\"og:site_name\" content=\"CD Mitjans\" \/>\n<meta property=\"article:modified_time\" content=\"2024-03-21T13:43:46+00:00\" \/>\n<meta property=\"og:image\" content=\"https:\/\/cdmitjans.com\/wp-content\/uploads\/2023\/11\/540261-540262-663-Iria.jpg\" \/>\n<meta name=\"twitter:card\" content=\"summary_large_image\" \/>\n<meta name=\"twitter:label1\" content=\"Dur\u00e9e de lecture estim\u00e9e\" \/>\n\t<meta name=\"twitter:data1\" content=\"1 minute\" \/>\n<script type=\"application\/ld+json\" class=\"yoast-schema-graph\">{\"@context\":\"https:\/\/schema.org\",\"@graph\":[{\"@type\":\"WebPage\",\"@id\":\"https:\/\/cdmitjans.com\/quienes-somos\/\",\"url\":\"https:\/\/cdmitjans.com\/quienes-somos\/\",\"name\":\"Qui\u00e9nes Somos - CD Mitjans\",\"isPartOf\":{\"@id\":\"https:\/\/cdmitjans.com\/en\/#website\"},\"primaryImageOfPage\":{\"@id\":\"https:\/\/cdmitjans.com\/quienes-somos\/#primaryimage\"},\"image\":{\"@id\":\"https:\/\/cdmitjans.com\/quienes-somos\/#primaryimage\"},\"thumbnailUrl\":\"https:\/\/cdmitjans.com\/wp-content\/uploads\/2023\/11\/540261-540262-663-Iria.jpg\",\"datePublished\":\"2023-11-27T12:25:56+00:00\",\"dateModified\":\"2024-03-21T13:43:46+00:00\",\"breadcrumb\":{\"@id\":\"https:\/\/cdmitjans.com\/quienes-somos\/#breadcrumb\"},\"inLanguage\":\"fr-FR\",\"potentialAction\":[{\"@type\":\"ReadAction\",\"target\":[\"https:\/\/cdmitjans.com\/quienes-somos\/\"]}]},{\"@type\":\"ImageObject\",\"inLanguage\":\"fr-FR\",\"@id\":\"https:\/\/cdmitjans.com\/quienes-somos\/#primaryimage\",\"url\":\"https:\/\/cdmitjans.com\/wp-content\/uploads\/2023\/11\/540261-540262-663-Iria.jpg\",\"contentUrl\":\"https:\/\/cdmitjans.com\/wp-content\/uploads\/2023\/11\/540261-540262-663-Iria.jpg\"},{\"@type\":\"BreadcrumbList\",\"@id\":\"https:\/\/cdmitjans.com\/quienes-somos\/#breadcrumb\",\"itemListElement\":[{\"@type\":\"ListItem\",\"position\":1,\"name\":\"Portada\",\"item\":\"https:\/\/cdmitjans.com\/\"},{\"@type\":\"ListItem\",\"position\":2,\"name\":\"Qui\u00e9nes Somos\"}]},{\"@type\":\"WebSite\",\"@id\":\"https:\/\/cdmitjans.com\/en\/#website\",\"url\":\"https:\/\/cdmitjans.com\/en\/\",\"name\":\"CD Mitjans\",\"description\":\"\",\"potentialAction\":[{\"@type\":\"SearchAction\",\"target\":{\"@type\":\"EntryPoint\",\"urlTemplate\":\"https:\/\/cdmitjans.com\/en\/?s={search_term_string}\"},\"query-input\":{\"@type\":\"PropertyValueSpecification\",\"valueRequired\":true,\"valueName\":\"search_term_string\"}}],\"inLanguage\":\"fr-FR\"}]}<\/script>\n<!-- \/ Yoast SEO plugin. -->","yoast_head_json":{"title":"Qui\u00e9nes Somos - CD Mitjans","robots":{"index":"index","follow":"follow","max-snippet":"max-snippet:-1","max-image-preview":"max-image-preview:large","max-video-preview":"max-video-preview:-1"},"canonical":"https:\/\/cdmitjans.com\/fr\/quienes-somos\/","og_locale":"fr_FR","og_type":"article","og_title":"Qui\u00e9nes Somos - CD Mitjans","og_description":"la historia de nuestra marca Sobre nosotros fundada en 1939 Historia Mitjans es una empresa situada en Barcelona especializada en el dise\u00f1o y la confecci\u00f3n de vestidos de playa, lencer\u00eda y pijamas, que con una trayectoria impresionante desde 1939, se encuentra en una emocionante fase de expansi\u00f3n europea. Nuestra misi\u00f3n es ofrecer un producto de [&hellip;]","og_url":"https:\/\/cdmitjans.com\/fr\/quienes-somos\/","og_site_name":"CD Mitjans","article_modified_time":"2024-03-21T13:43:46+00:00","og_image":[{"url":"https:\/\/cdmitjans.com\/wp-content\/uploads\/2023\/11\/540261-540262-663-Iria.jpg","type":"","width":"","height":""}],"twitter_card":"summary_large_image","twitter_misc":{"Dur\u00e9e de lecture estim\u00e9e":"1 minute"},"schema":{"@context":"https:\/\/schema.org","@graph":[{"@type":"WebPage","@id":"https:\/\/cdmitjans.com\/quienes-somos\/","url":"https:\/\/cdmitjans.com\/quienes-somos\/","name":"Qui\u00e9nes Somos - CD Mitjans","isPartOf":{"@id":"https:\/\/cdmitjans.com\/en\/#website"},"primaryImageOfPage":{"@id":"https:\/\/cdmitjans.com\/quienes-somos\/#primaryimage"},"image":{"@id":"https:\/\/cdmitjans.com\/quienes-somos\/#primaryimage"},"thumbnailUrl":"https:\/\/cdmitjans.com\/wp-content\/uploads\/2023\/11\/540261-540262-663-Iria.jpg","datePublished":"2023-11-27T12:25:56+00:00","dateModified":"2024-03-21T13:43:46+00:00","breadcrumb":{"@id":"https:\/\/cdmitjans.com\/quienes-somos\/#breadcrumb"},"inLanguage":"fr-FR","potentialAction":[{"@type":"ReadAction","target":["https:\/\/cdmitjans.com\/quienes-somos\/"]}]},{"@type":"ImageObject","inLanguage":"fr-FR","@id":"https:\/\/cdmitjans.com\/quienes-somos\/#primaryimage","url":"https:\/\/cdmitjans.com\/wp-content\/uploads\/2023\/11\/540261-540262-663-Iria.jpg","contentUrl":"https:\/\/cdmitjans.com\/wp-content\/uploads\/2023\/11\/540261-540262-663-Iria.jpg"},{"@type":"BreadcrumbList","@id":"https:\/\/cdmitjans.com\/quienes-somos\/#breadcrumb","itemListElement":[{"@type":"ListItem","position":1,"name":"Portada","item":"https:\/\/cdmitjans.com\/"},{"@type":"ListItem","position":2,"name":"Qui\u00e9nes Somos"}]},{"@type":"WebSite","@id":"https:\/\/cdmitjans.com\/en\/#website","url":"https:\/\/cdmitjans.com\/en\/","name":"CD Mitjans","description":"","potentialAction":[{"@type":"SearchAction","target":{"@type":"EntryPoint","urlTemplate":"https:\/\/cdmitjans.com\/en\/?s={search_term_string}"},"query-input":{"@type":"PropertyValueSpecification","valueRequired":true,"valueName":"search_term_string"}}],"inLanguage":"fr-FR"}]}},"_links":{"self":[{"href":"https:\/\/cdmitjans.com\/fr\/wp-json\/wp\/v2\/pages\/123","targetHints":{"allow":["GET"]}}],"collection":[{"href":"https:\/\/cdmitjans.com\/fr\/wp-json\/wp\/v2\/pages"}],"about":[{"href":"https:\/\/cdmitjans.com\/fr\/wp-json\/wp\/v2\/types\/page"}],"author":[{"embeddable":true,"href":"https:\/\/cdmitjans.com\/fr\/wp-json\/wp\/v2\/users\/1"}],"replies":[{"embeddable":true,"href":"https:\/\/cdmitjans.com\/fr\/wp-json\/wp\/v2\/comments?post=123"}],"version-history":[{"count":31,"href":"https:\/\/cdmitjans.com\/fr\/wp-json\/wp\/v2\/pages\/123\/revisions"}],"predecessor-version":[{"id":712,"href":"https:\/\/cdmitjans.com\/fr\/wp-json\/wp\/v2\/pages\/123\/revisions\/712"}],"wp:attachment":[{"href":"https:\/\/cdmitjans.com\/fr\/wp-json\/wp\/v2\/media?parent=123"}],"curies":[{"name":"wp","href":"https:\/\/api.w.org\/{rel}","templated":true}]}}