{"id":306,"date":"2023-11-28T00:56:27","date_gmt":"2023-11-28T00:56:27","guid":{"rendered":"https:\/\/cdmitjans.com\/?page_id=306"},"modified":"2024-03-21T14:40:32","modified_gmt":"2024-03-21T13:40:32","slug":"mapa-web","status":"publish","type":"page","link":"https:\/\/cdmitjans.com\/de\/mapa-web\/","title":{"rendered":"Webkarte"},"content":{"rendered":"<div data-elementor-type=\"wp-page\" data-elementor-id=\"306\" class=\"elementor elementor-306\" data-elementor-post-type=\"page\">\n\t\t\t\t<div class=\"elementor-element elementor-element-8ed6893 e-flex e-con-boxed e-con e-parent\" data-id=\"8ed6893\" data-element_type=\"container\">\n\t\t\t\t\t<div class=\"e-con-inner\">\n\t\t\t\t<div class=\"elementor-element elementor-element-e3acf2e elementor-widget elementor-widget-heading\" data-id=\"e3acf2e\" data-element_type=\"widget\" data-widget_type=\"heading.default\">\n\t\t\t\t<div class=\"elementor-widget-container\">\n\t\t\t\t\t<h2 class=\"elementor-heading-title elementor-size-default\">Webkarte<\/h2>\t\t\t\t<\/div>\n\t\t\t\t<\/div>\n\t\t\t\t<div class=\"elementor-element elementor-element-c0873ae elementor-widget elementor-widget-sitemap\" data-id=\"c0873ae\" data-element_type=\"widget\" data-widget_type=\"sitemap.default\">\n\t\t\t\t<div class=\"elementor-widget-container\">\n\t\t\t\t\t<div class=\"elementor-sitemap-wrap\"><div class=\"elementor-sitemap-section\"><h2 class=\"elementor-sitemap-title elementor-sitemap-page-title\"> <\/h2><ul class=\"elementor-sitemap-list elementor-sitemap-page-list\"><li class=\"elementor-sitemap-item elementor-sitemap-item-page page_item page-item-2153\"><a href=\"https:\/\/cdmitjans.com\/de\/catalogos\/\">KATALOGE<\/a><\/li><li class=\"elementor-sitemap-item elementor-sitemap-item-page page_item page-item-2017\"><a href=\"https:\/\/cdmitjans.com\/de\/comprar-un-vestido-largo-verano\/\">Kaufen Sie ein langes Sommerkleid<\/a><\/li><li class=\"elementor-sitemap-item elementor-sitemap-item-page page_item page-item-2012\"><a href=\"https:\/\/cdmitjans.com\/de\/ropa-de-verano-mujer\/\">Sommerkleidung f\u00fcr Damen<\/a><\/li><li class=\"elementor-sitemap-item elementor-sitemap-item-page page_item page-item-2007\"><a href=\"https:\/\/cdmitjans.com\/de\/vestidos-de-playa-para-mujer\/\">Strandkleider f\u00fcr Damen<\/a><\/li><li class=\"elementor-sitemap-item elementor-sitemap-item-page page_item page-item-2002\"><a href=\"https:\/\/cdmitjans.com\/de\/vestido-mujer-verano\/\">Damen Sommerkleid<\/a><\/li><li class=\"elementor-sitemap-item elementor-sitemap-item-page page_item page-item-1846\"><a href=\"https:\/\/cdmitjans.com\/de\/mayorista-de-moda-en-barcelona\/\">Modegro\u00dfh\u00e4ndler in Barcelona<\/a><\/li><li class=\"elementor-sitemap-item elementor-sitemap-item-page page_item page-item-1839\"><a href=\"https:\/\/cdmitjans.com\/de\/vestidos-al-por-mayor-en-barcelona\/\">Kleidergro\u00dfhandel in Barcelona<\/a><\/li><li class=\"elementor-sitemap-item elementor-sitemap-item-page page_item page-item-1669\"><a href=\"https:\/\/cdmitjans.com\/de\/ferias-y-eventos-profesionales\/\">B2B<\/a><\/li><li class=\"elementor-sitemap-item elementor-sitemap-item-page page_item page-item-1637\"><a href=\"https:\/\/cdmitjans.com\/de\/mayorista-moda-mujer\/\">Gro\u00dfh\u00e4ndler f\u00fcr Damenmode<\/a><\/li><li class=\"elementor-sitemap-item elementor-sitemap-item-page page_item page-item-1603\"><a href=\"https:\/\/cdmitjans.com\/de\/fabricantes-bikinis\/\">Bikini-Hersteller<\/a><\/li><li class=\"elementor-sitemap-item elementor-sitemap-item-page page_item page-item-1597\"><a href=\"https:\/\/cdmitjans.com\/de\/distribuidor-bikinis\/\">Bikini-Verteiler<\/a><\/li><li class=\"elementor-sitemap-item elementor-sitemap-item-page page_item page-item-1592\"><a href=\"https:\/\/cdmitjans.com\/de\/distribuidor-de-lenceria\/\">Dessous-H\u00e4ndler<\/a><\/li><li class=\"elementor-sitemap-item elementor-sitemap-item-page page_item page-item-1587\"><a href=\"https:\/\/cdmitjans.com\/de\/fabricante-de-lenceria\/\">Dessous-Hersteller<\/a><\/li><li class=\"elementor-sitemap-item elementor-sitemap-item-page page_item page-item-1581\"><a href=\"https:\/\/cdmitjans.com\/de\/ropa-al-por-mayor-mujer\/\">Gro\u00dfhandel Damenbekleidung<\/a><\/li><li class=\"elementor-sitemap-item elementor-sitemap-item-page page_item page-item-1573\"><a href=\"https:\/\/cdmitjans.com\/de\/ropa-de-mujer-de-calidad\/\">Hochwertige Damenbekleidung<\/a><\/li><li class=\"elementor-sitemap-item elementor-sitemap-item-page page_item page-item-1568\"><a href=\"https:\/\/cdmitjans.com\/de\/vestidos-al-por-mayor\/\">Kleider im Gro\u00dfhandel<\/a><\/li><li class=\"elementor-sitemap-item elementor-sitemap-item-page page_item page-item-1562\"><a href=\"https:\/\/cdmitjans.com\/de\/mayorista-ropa-espana\/\">Gro\u00dfhandel f\u00fcr Kleidung in Spanien<\/a><\/li><li class=\"elementor-sitemap-item elementor-sitemap-item-page page_item page-item-1557\"><a href=\"https:\/\/cdmitjans.com\/de\/proveedores-ropa-mujer-joven-espana\/\">Anbieter von Damenbekleidung f\u00fcr junge Frauen in Spanien<\/a><\/li><li class=\"elementor-sitemap-item elementor-sitemap-item-page page_item page-item-1552\"><a href=\"https:\/\/cdmitjans.com\/de\/proveedores-ropa-mujer-joven\/\">Anbieter von junger Damenbekleidung<\/a><\/li><li class=\"elementor-sitemap-item elementor-sitemap-item-page page_item page-item-1544\"><a href=\"https:\/\/cdmitjans.com\/de\/fabricantes-ropa-mujer\/\">Hersteller von Damenbekleidung<\/a><\/li><li class=\"elementor-sitemap-item elementor-sitemap-item-page page_item page-item-1535\"><a href=\"https:\/\/cdmitjans.com\/de\/distribuidores-moda-mujer\/\">Damenmodeh\u00e4ndler<\/a><\/li><li class=\"elementor-sitemap-item elementor-sitemap-item-page page_item page-item-1526\"><a href=\"https:\/\/cdmitjans.com\/de\/distribuidores-ropa-mujer\/\">H\u00e4ndler f\u00fcr Damenbekleidung<\/a><\/li><li class=\"elementor-sitemap-item elementor-sitemap-item-page page_item page-item-1488\"><a href=\"https:\/\/cdmitjans.com\/de\/fabricantes-de-ropa-de-mujer-barcelona\/\">Hersteller von Damenbekleidung in Barcelona<\/a><\/li><li class=\"elementor-sitemap-item elementor-sitemap-item-page page_item page-item-1483\"><a href=\"https:\/\/cdmitjans.com\/de\/fabricantes-de-ropa-de-mujer-terrassa\/\">Hersteller von Damenbekleidung in Terrassa<\/a><\/li><li class=\"elementor-sitemap-item elementor-sitemap-item-page page_item page-item-1451\"><a href=\"https:\/\/cdmitjans.com\/de\/comprar-ropa-al-por-mayor-en-barcelona\/\">Kaufen Sie Kleidung im Gro\u00dfhandel in Barcelona<\/a><\/li><li class=\"elementor-sitemap-item elementor-sitemap-item-page page_item page-item-1446\"><a href=\"https:\/\/cdmitjans.com\/de\/distribuidores-de-ropa-en-barcelona\/\">Bekleidungsh\u00e4ndler in Barcelona<\/a><\/li><li class=\"elementor-sitemap-item elementor-sitemap-item-page page_item page-item-1334\"><a href=\"https:\/\/cdmitjans.com\/de\/proveedores-ropa-mujer-joven-terrassa\/\">Anbieter von junger Damenbekleidung Terrassa<\/a><\/li><li class=\"elementor-sitemap-item elementor-sitemap-item-page page_item page-item-1326\"><a href=\"https:\/\/cdmitjans.com\/de\/fabricantes-de-pijamas-en-terrassa\/\">Pyjama-Hersteller in Terrassa<\/a><\/li><li class=\"elementor-sitemap-item elementor-sitemap-item-page page_item page-item-1282\"><a href=\"https:\/\/cdmitjans.com\/de\/proveedores-ropa-mujer-terrassa\/\">Anbieter von Damenbekleidung Terrassa<\/a><\/li><li class=\"elementor-sitemap-item elementor-sitemap-item-page page_item page-item-1275\"><a href=\"https:\/\/cdmitjans.com\/de\/fabricante-de-lenceria-terrassa\/\">Terrassa-Dessous-Hersteller<\/a><\/li><li class=\"elementor-sitemap-item elementor-sitemap-item-page page_item page-item-1246\"><a href=\"https:\/\/cdmitjans.com\/de\/ropa-al-por-mayor-barcelona\/\">Gro\u00dfhandel f\u00fcr Bekleidung Barcelona<\/a><\/li><li class=\"elementor-sitemap-item elementor-sitemap-item-page page_item page-item-1241\"><a href=\"https:\/\/cdmitjans.com\/de\/fabricante-de-pijamas-en-espana\/\">Pyjama-Hersteller in Spanien<\/a><\/li><li class=\"elementor-sitemap-item elementor-sitemap-item-page page_item page-item-863\"><a href=\"https:\/\/cdmitjans.com\/de\/landing-alex\/\">Landung Alex<\/a><\/li><li class=\"elementor-sitemap-item elementor-sitemap-item-page page_item page-item-848\"><a href=\"https:\/\/cdmitjans.com\/de\/pruebas\/\">Beweis<\/a><\/li><li class=\"elementor-sitemap-item elementor-sitemap-item-page page_item page-item-318\"><a href=\"https:\/\/cdmitjans.com\/de\/politica-de-cookies\/\">Cookie-Richtlinie<\/a><\/li><li class=\"elementor-sitemap-item elementor-sitemap-item-page page_item page-item-8\"><a href=\"https:\/\/cdmitjans.com\/de\/\">Home<\/a><\/li><li class=\"elementor-sitemap-item elementor-sitemap-item-page page_item page-item-123\"><a href=\"https:\/\/cdmitjans.com\/de\/quienes-somos\/\">\u00dcber uns<\/a><\/li><li class=\"elementor-sitemap-item elementor-sitemap-item-page page_item page-item-125\"><a href=\"https:\/\/cdmitjans.com\/de\/nuestra-coleccion\/\">Unsere Sammlung<\/a><\/li><li class=\"elementor-sitemap-item elementor-sitemap-item-page page_item page-item-127 current_page_parent\"><a href=\"https:\/\/cdmitjans.com\/de\/blog\/\">Blog<\/a><\/li><li class=\"elementor-sitemap-item elementor-sitemap-item-page page_item page-item-129\"><a href=\"https:\/\/cdmitjans.com\/de\/contacto\/\">Kontakt<\/a><\/li><li class=\"elementor-sitemap-item elementor-sitemap-item-page page_item page-item-1180\"><a href=\"https:\/\/cdmitjans.com\/de\/distribuidores-espanol\/\">H\u00e4ndler<\/a><\/li><li class=\"elementor-sitemap-item elementor-sitemap-item-page page_item page-item-768\"><a href=\"https:\/\/cdmitjans.com\/de\/distribuidores\/\">H\u00e4ndler<\/a><\/li><li class=\"elementor-sitemap-item elementor-sitemap-item-page page_item page-item-296\"><a href=\"https:\/\/cdmitjans.com\/de\/aviso-legal\/\">Rechtliche Warnung<\/a><\/li><li class=\"elementor-sitemap-item elementor-sitemap-item-page page_item page-item-301\"><a href=\"https:\/\/cdmitjans.com\/de\/declaracion-de-accesibilidad\/\">Erkl\u00e4rung zur Barrierefreiheit<\/a><\/li><li class=\"elementor-sitemap-item elementor-sitemap-item-page page_item page-item-306\"><a href=\"https:\/\/cdmitjans.com\/de\/mapa-web\/\">Webkarte<\/a><\/li><li class=\"elementor-sitemap-item elementor-sitemap-item-page page_item page-item-3\"><a href=\"https:\/\/cdmitjans.com\/de\/politica-privacidad\/\">Datenschutzrichtlinie<\/a><\/li><\/ul><\/div><\/div>\t\t\t\t<\/div>\n\t\t\t\t<\/div>\n\t\t\t\t\t<\/div>\n\t\t\t\t<\/div>\n\t\t\t\t<\/div>","protected":false},"excerpt":{"rendered":"<p>Webkarte<\/p>","protected":false},"author":1,"featured_media":0,"parent":0,"menu_order":9,"comment_status":"closed","ping_status":"closed","template":"","meta":{"footnotes":""},"class_list":["post-306","page","type-page","status-publish","hentry"],"yoast_head":"<!-- This site is optimized with the Yoast SEO plugin v25.8 - https:\/\/yoast.com\/wordpress\/plugins\/seo\/ -->\n<title>Mapa Web - CD Mitjans<\/title>\n<meta name=\"robots\" content=\"index, follow, max-snippet:-1, max-image-preview:large, max-video-preview:-1\" \/>\n<link rel=\"canonical\" href=\"https:\/\/cdmitjans.com\/de\/mapa-web\/\" \/>\n<meta property=\"og:locale\" content=\"de_DE\" \/>\n<meta property=\"og:type\" content=\"article\" \/>\n<meta property=\"og:title\" content=\"Mapa Web - CD Mitjans\" \/>\n<meta property=\"og:description\" content=\"Mapa Web\" \/>\n<meta property=\"og:url\" content=\"https:\/\/cdmitjans.com\/de\/mapa-web\/\" \/>\n<meta property=\"og:site_name\" content=\"CD Mitjans\" \/>\n<meta property=\"article:modified_time\" content=\"2024-03-21T13:40:32+00:00\" \/>\n<meta name=\"twitter:card\" content=\"summary_large_image\" \/>\n<script type=\"application\/ld+json\" class=\"yoast-schema-graph\">{\"@context\":\"https:\/\/schema.org\",\"@graph\":[{\"@type\":\"WebPage\",\"@id\":\"https:\/\/cdmitjans.com\/mapa-web\/\",\"url\":\"https:\/\/cdmitjans.com\/mapa-web\/\",\"name\":\"Mapa Web - CD Mitjans\",\"isPartOf\":{\"@id\":\"https:\/\/cdmitjans.com\/en\/#website\"},\"datePublished\":\"2023-11-28T00:56:27+00:00\",\"dateModified\":\"2024-03-21T13:40:32+00:00\",\"breadcrumb\":{\"@id\":\"https:\/\/cdmitjans.com\/mapa-web\/#breadcrumb\"},\"inLanguage\":\"de\",\"potentialAction\":[{\"@type\":\"ReadAction\",\"target\":[\"https:\/\/cdmitjans.com\/mapa-web\/\"]}]},{\"@type\":\"BreadcrumbList\",\"@id\":\"https:\/\/cdmitjans.com\/mapa-web\/#breadcrumb\",\"itemListElement\":[{\"@type\":\"ListItem\",\"position\":1,\"name\":\"Portada\",\"item\":\"https:\/\/cdmitjans.com\/\"},{\"@type\":\"ListItem\",\"position\":2,\"name\":\"Mapa Web\"}]},{\"@type\":\"WebSite\",\"@id\":\"https:\/\/cdmitjans.com\/en\/#website\",\"url\":\"https:\/\/cdmitjans.com\/en\/\",\"name\":\"CD Mitjans\",\"description\":\"\",\"potentialAction\":[{\"@type\":\"SearchAction\",\"target\":{\"@type\":\"EntryPoint\",\"urlTemplate\":\"https:\/\/cdmitjans.com\/en\/?s={search_term_string}\"},\"query-input\":{\"@type\":\"PropertyValueSpecification\",\"valueRequired\":true,\"valueName\":\"search_term_string\"}}],\"inLanguage\":\"de\"}]}<\/script>\n<!-- \/ Yoast SEO plugin. -->","yoast_head_json":{"title":"Webkarte - CD Mitjans","robots":{"index":"index","follow":"follow","max-snippet":"max-snippet:-1","max-image-preview":"max-image-preview:large","max-video-preview":"max-video-preview:-1"},"canonical":"https:\/\/cdmitjans.com\/de\/mapa-web\/","og_locale":"de_DE","og_type":"article","og_title":"Mapa Web - CD Mitjans","og_description":"Mapa Web","og_url":"https:\/\/cdmitjans.com\/de\/mapa-web\/","og_site_name":"CD Mitjans","article_modified_time":"2024-03-21T13:40:32+00:00","twitter_card":"summary_large_image","schema":{"@context":"https:\/\/schema.org","@graph":[{"@type":"WebPage","@id":"https:\/\/cdmitjans.com\/mapa-web\/","url":"https:\/\/cdmitjans.com\/mapa-web\/","name":"Webkarte - CD Mitjans","isPartOf":{"@id":"https:\/\/cdmitjans.com\/en\/#website"},"datePublished":"2023-11-28T00:56:27+00:00","dateModified":"2024-03-21T13:40:32+00:00","breadcrumb":{"@id":"https:\/\/cdmitjans.com\/mapa-web\/#breadcrumb"},"inLanguage":"de","potentialAction":[{"@type":"ReadAction","target":["https:\/\/cdmitjans.com\/mapa-web\/"]}]},{"@type":"BreadcrumbList","@id":"https:\/\/cdmitjans.com\/mapa-web\/#breadcrumb","itemListElement":[{"@type":"ListItem","position":1,"name":"Portada","item":"https:\/\/cdmitjans.com\/"},{"@type":"ListItem","position":2,"name":"Mapa Web"}]},{"@type":"WebSite","@id":"https:\/\/cdmitjans.com\/en\/#website","url":"https:\/\/cdmitjans.com\/en\/","name":"CD Mitjans","description":"","potentialAction":[{"@type":"SearchAction","target":{"@type":"EntryPoint","urlTemplate":"https:\/\/cdmitjans.com\/en\/?s={search_term_string}"},"query-input":{"@type":"PropertyValueSpecification","valueRequired":true,"valueName":"search_term_string"}}],"inLanguage":"de"}]}},"_links":{"self":[{"href":"https:\/\/cdmitjans.com\/de\/wp-json\/wp\/v2\/pages\/306","targetHints":{"allow":["GET"]}}],"collection":[{"href":"https:\/\/cdmitjans.com\/de\/wp-json\/wp\/v2\/pages"}],"about":[{"href":"https:\/\/cdmitjans.com\/de\/wp-json\/wp\/v2\/types\/page"}],"author":[{"embeddable":true,"href":"https:\/\/cdmitjans.com\/de\/wp-json\/wp\/v2\/users\/1"}],"replies":[{"embeddable":true,"href":"https:\/\/cdmitjans.com\/de\/wp-json\/wp\/v2\/comments?post=306"}],"version-history":[{"count":7,"href":"https:\/\/cdmitjans.com\/de\/wp-json\/wp\/v2\/pages\/306\/revisions"}],"predecessor-version":[{"id":706,"href":"https:\/\/cdmitjans.com\/de\/wp-json\/wp\/v2\/pages\/306\/revisions\/706"}],"wp:attachment":[{"href":"https:\/\/cdmitjans.com\/de\/wp-json\/wp\/v2\/media?parent=306"}],"curies":[{"name":"wp","href":"https:\/\/api.w.org\/{rel}","templated":true}]}}