{"id":296,"date":"2023-11-28T00:50:20","date_gmt":"2023-11-28T00:50:20","guid":{"rendered":"https:\/\/cdmitjans.com\/?page_id=296"},"modified":"2024-03-21T14:38:54","modified_gmt":"2024-03-21T13:38:54","slug":"aviso-legal","status":"publish","type":"page","link":"https:\/\/cdmitjans.com\/de\/aviso-legal\/","title":{"rendered":"Rechtliche Warnung"},"content":{"rendered":"<div data-elementor-type=\"wp-page\" data-elementor-id=\"296\" class=\"elementor elementor-296\" data-elementor-post-type=\"page\">\n\t\t\t\t<div class=\"elementor-element elementor-element-0df68bf e-flex e-con-boxed e-con e-parent\" data-id=\"0df68bf\" data-element_type=\"container\">\n\t\t\t\t\t<div class=\"e-con-inner\">\n\t\t\t\t<div class=\"elementor-element elementor-element-6f5900f elementor-widget elementor-widget-heading\" data-id=\"6f5900f\" data-element_type=\"widget\" data-widget_type=\"heading.default\">\n\t\t\t\t<div class=\"elementor-widget-container\">\n\t\t\t\t\t<h2 class=\"elementor-heading-title elementor-size-default\">Rechtliche Warnung<\/h2>\t\t\t\t<\/div>\n\t\t\t\t<\/div>\n\t\t\t\t<div class=\"elementor-element elementor-element-01dd3cb elementor-widget elementor-widget-text-editor\" data-id=\"01dd3cb\" data-element_type=\"widget\" data-widget_type=\"text-editor.default\">\n\t\t\t\t<div class=\"elementor-widget-container\">\n\t\t\t\t\t\t\t\t\t<h2 class=\"wp-block-heading\">Datencontroller<\/h2><p>In \u00dcbereinstimmung mit der Informationspflicht gem\u00e4\u00df Gesetz 34\/2002 vom 11. Juli \u00fcber Dienste der Informationsgesellschaft und elektronischen Handel teilen wir Ihnen mit, dass diese Website Eigentum von:<\/p><ul><li>Website: cdmitjans.com<\/li><li>Verantwortlich: CREACIONES Y DESIGN MITJANS SL<\/li><li>NIF: <span class=\"text-bodytext-m text-neutrals-700\">B64704976<\/span><\/li><li>Adresse: Calle Dr. Torras i Bages, 114<\/li><li>Einwohnerzahl: 08223 Terrassa \u2013 Barcelona<\/li><li>Telefon: 93 731 41 44<\/li><\/ul><h2 class=\"wp-block-heading\">Objekt<\/h2><p>Der Verantwortliche stellt dieses Dokument den Benutzern zur Verf\u00fcgung, mit denen er die Bestimmungen der geltenden Datenschutzbestimmungen und im Rahmen des neuen Rechtsrahmens einhalten m\u00f6chte, der durch die Bestimmungen der Verordnung (EU) 2016\/679 geschaffen wurde des Europ\u00e4ischen Parlaments und des Rates vom 27. April 2016 zum Schutz nat\u00fcrlicher Personen bei der Verarbeitung personenbezogener Daten und zum freien Verkehr dieser Daten (im Folgenden \u201eDSGVO\u201c) sowie nationale Vorschriften zum Schutz personenbezogener Daten sowie Information aller Nutzer der Website \u00fcber die Nutzungsbedingungen der Website. Jede Person, die auf diese Website zugreift, \u00fcbernimmt die Rolle des Benutzers und verpflichtet sich zur strikten Einhaltung und Einhaltung der hier dargelegten Bestimmungen sowie aller anderen m\u00f6glicherweise anwendbaren gesetzlichen Bestimmungen. Der Verantwortliche beh\u00e4lt sich das Recht vor, jegliche Art von Informationen, die auf der Website erscheinen, zu \u00e4ndern, ohne dass eine Verpflichtung zur Benachrichtigung oder Unterrichtung der Benutzer \u00fcber diese Verpflichtungen besteht, wobei die Ver\u00f6ffentlichung auf der Website des Verantwortlichen als ausreichend angesehen wird.<\/p><h2 class=\"wp-block-heading\">Verantwortung<\/h2><p>Der Verantwortliche ist von jeglicher Verantwortung befreit, die sich aus den auf seiner Website ver\u00f6ffentlichten Informationen ergibt, sofern diese Informationen von einem Dritten manipuliert oder eingef\u00fchrt wurden, der nichts mit ihm zu tun hat.<\/p><h2 class=\"wp-block-heading\">IP-Adressen<\/h2><p>Die Website-Server erkennen m\u00f6glicherweise automatisch die vom Benutzer verwendete IP-Adresse und den Dom\u00e4nennamen. Eine IP-Adresse ist eine Nummer, die einem Computer automatisch zugewiesen wird, wenn er eine Verbindung zum Internet herstellt. Alle diese Informationen werden in einer ordnungsgem\u00e4\u00df registrierten Serveraktivit\u00e4tsdatei aufgezeichnet, die die anschlie\u00dfende Verarbeitung der Daten erm\u00f6glicht, um nur statistische Messungen zu erhalten, die es erm\u00f6glichen, die Anzahl der Seitenaufrufe, die Anzahl der Besuche auf den Webservern, die Reihenfolge der Besuche usw. zu ermitteln. Zugangspunkt usw.<\/p><h2 class=\"wp-block-heading\">Linkrichtlinie<\/h2><p>Von dieser Website werden Sie m\u00f6glicherweise zu Inhalten von Websites Dritter weitergeleitet. Da der Verantwortliche die von Dritten auf seinen Websites eingestellten Inhalte nicht immer kontrollieren kann, \u00fcbernimmt er keinerlei Verantwortung f\u00fcr diese Inhalte. In jedem Fall erkl\u00e4rt der Verantwortliche, dass er alle Inhalte, die gegen nationale oder internationale Gesetze, die guten Sitten oder die \u00f6ffentliche Ordnung versto\u00dfen k\u00f6nnten, unverz\u00fcglich zur\u00fcckzieht, die Weiterleitung auf diese Website unverz\u00fcglich zur\u00fcckzieht und die zust\u00e4ndigen Beh\u00f6rden \u00fcber den Inhalt informiert Frage. Der Verantwortliche ist nicht verantwortlich f\u00fcr die Informationen und Inhalte, die beispielsweise in Foren, Chats, Blog-Generatoren, Kommentaren, sozialen Netzwerken oder anderen Mitteln gespeichert werden, die es Dritten erm\u00f6glichen, Inhalte unabh\u00e4ngig auf der Website zu ver\u00f6ffentlichen der Verantwortliche. Allerdings und in \u00dcbereinstimmung mit den Bestimmungen der Kunst. Gem\u00e4\u00df Art. 11 und 16 des LSSICE stellt sich der Verantwortliche allen Nutzern, Beh\u00f6rden und Sicherheitskr\u00e4ften zur Verf\u00fcgung und wirkt aktiv an der Entfernung oder gegebenenfalls Sperrung aller Inhalte mit, die nationale oder internationale Gesetze oder Rechte Dritter beeintr\u00e4chtigen oder gegen diese versto\u00dfen k\u00f6nnten Parteien oder Moral und \u00f6ffentliche Ordnung. Wenn der Benutzer der Meinung ist, dass es Inhalte auf der Website gibt, die f\u00fcr diese Klassifizierung anf\u00e4llig sein k\u00f6nnten, benachrichtigen Sie bitte umgehend den Website-Administrator. Diese Website wurde \u00fcberpr\u00fcft und auf ihre ordnungsgem\u00e4\u00dfe Funktion getestet. Grunds\u00e4tzlich kann der ordnungsgem\u00e4\u00dfe Betrieb 365 Tage im Jahr und 24 Stunden am Tag gew\u00e4hrleistet werden. Der Verantwortliche schlie\u00dft jedoch nicht aus, dass bestimmte Programmierfehler vorliegen oder dass diese durch h\u00f6here Gewalt, Naturkatastrophen, Streiks oder \u00e4hnliche Umst\u00e4nde verursacht werden, die den Zugriff auf die Website unm\u00f6glich machen.<\/p><h2 class=\"wp-block-heading\">Datenschutz<\/h2><p>Der Verantwortliche ist der Einhaltung der Bestimmungen der geltenden Datenschutzvorschriften sowie des neuen Rechtsrahmens verpflichtet, der durch die Bestimmungen der Verordnung (EU) 2016\/679 des Europ\u00e4ischen Parlaments und des Rates vom 27. Dezember 2016 geschaffen wurde April 2016 zum Schutz nat\u00fcrlicher Personen bei der Verarbeitung personenbezogener Daten und zum freien Datenverkehr (im Folgenden \u201eDSGVO\u201c) sowie nationale Vorschriften zum Schutz personenbezogener Daten. Ebenso informiert der Verantwortliche dar\u00fcber, dass er das Gesetz 34\/2002 vom 11. Juli \u00fcber Dienste der Informationsgesellschaft und den elektronischen Handel einh\u00e4lt und wird jederzeit Ihre Zustimmung zur Verarbeitung Ihrer Daten f\u00fcr kommerzielle Zwecke einholen.<\/p><h2 class=\"wp-block-heading\">Geistiges und gewerbliches Eigentum<\/h2><p>Die Website, einschlie\u00dflich, aber nicht beschr\u00e4nkt auf ihre Programmierung, Bearbeitung, Zusammenstellung und andere f\u00fcr ihren Betrieb erforderliche Elemente, die Designs, Logos, Texte und\/oder Grafiken sind Eigentum des Verantwortlichen oder verf\u00fcgen gegebenenfalls \u00fcber eine Lizenz oder ausdr\u00fcckliche Genehmigung von Teil der Autoren. Alle Inhalte der Website sind ordnungsgem\u00e4\u00df durch Vorschriften zum geistigen und gewerblichen Eigentum gesch\u00fctzt. Unabh\u00e4ngig vom Zweck, f\u00fcr den sie bestimmt waren, bedarf die vollst\u00e4ndige oder teilweise Vervielf\u00e4ltigung, Nutzung, Verwertung, Verbreitung und Vermarktung in jedem Fall der vorherigen schriftlichen Genehmigung des Verantwortlichen. Jede Verwendung, die nicht zuvor von der verantwortlichen Person genehmigt wurde, wird als schwerwiegende Verletzung der geistigen oder gewerblichen Eigentumsrechte des Autors angesehen. Die Designs, Logos, Texte und\/oder Grafiken, die nicht mit dem Kreditgeber in Zusammenhang stehen und auf der Website erscheinen k\u00f6nnen, geh\u00f6ren ihren jeweiligen Eigent\u00fcmern und sie sind f\u00fcr etwaige Kontroversen verantwortlich, die in Bezug auf sie entstehen k\u00f6nnen. In jedem Fall verf\u00fcgt der Verantwortliche \u00fcber die ausdr\u00fcckliche und vorherige Genehmigung von ihm. Der Verantwortliche gestattet Dritten ausdr\u00fccklich, direkt auf die spezifischen Inhalte der Website umzuleiten, und muss in jedem Fall auf die Hauptseite der Website des Verantwortlichen weiterleiten. Der Verantwortliche erkennt die entsprechenden geistigen und gewerblichen Eigentumsrechte zugunsten ihrer Eigent\u00fcmer an, und ihre blo\u00dfe Erw\u00e4hnung oder ihr Erscheinen auf der Website impliziert nicht das Bestehen von Rechten oder Verantwortung des Verantwortlichen an ihnen, noch impliziert dies eine Unterst\u00fctzung, ein Sponsoring oder eine Empfehlung daf\u00fcr ihr Teil. F\u00fcr alle Bilder, bei denen die Gestaltungssoftware dies zul\u00e4sst, sind die entsprechenden Hinweise auf die Urheberschaft und die entsprechende Lizenz eingef\u00fcgt.\u00a0<span class=\"\">Um etwaige Verst\u00f6\u00dfe gegen geistige oder gewerbliche Eigentumsrechte sowie den Inhalt der Website zu bemerken, k\u00f6nnen Sie dies per E-Mail an folgende E-Mail-Adresse richten: <span style=\"font-weight: 400;\">ventas@cdmitjans.es<\/span><\/span><\/p>\t\t\t\t\t\t\t\t<\/div>\n\t\t\t\t<\/div>\n\t\t\t\t\t<\/div>\n\t\t\t\t<\/div>\n\t\t\t\t<\/div>","protected":false},"excerpt":{"rendered":"<p>Rechtliche Hinweise Datenverantwortlicher In Erf\u00fcllung der Informationspflicht gem\u00e4\u00df Gesetz 34\/2002 vom 11. Juli \u00fcber Dienste der Informationsgesellschaft und elektronischen Handel informieren wir Sie, dass diese Website Eigentum von: Website: cdmitjans.com Verantwortlicher: CREACIONES Y DISE\u00d1O MITJANS SL NIF: B64704976 Adresse: [\u2026]<\/p>","protected":false},"author":1,"featured_media":0,"parent":0,"menu_order":7,"comment_status":"closed","ping_status":"closed","template":"","meta":{"footnotes":""},"class_list":["post-296","page","type-page","status-publish","hentry"],"yoast_head":"<!-- This site is optimized with the Yoast SEO plugin v25.8 - https:\/\/yoast.com\/wordpress\/plugins\/seo\/ -->\n<title>Aviso Legal - CD Mitjans<\/title>\n<meta name=\"robots\" content=\"index, follow, max-snippet:-1, max-image-preview:large, max-video-preview:-1\" \/>\n<link rel=\"canonical\" href=\"https:\/\/cdmitjans.com\/de\/aviso-legal\/\" \/>\n<meta property=\"og:locale\" content=\"de_DE\" \/>\n<meta property=\"og:type\" content=\"article\" \/>\n<meta property=\"og:title\" content=\"Aviso Legal - CD Mitjans\" \/>\n<meta property=\"og:description\" content=\"Aviso Legal Responsable del tratamiento de los datos En cumplimiento del deber de informaci\u00f3n que establece la Ley La 34\/2002, de 11 de julio, de Servicios de la Sociedad de la Informaci\u00f3n y del Comercio Electr\u00f3nico, le comunicamos que esta web es titularidad de: Web: cdmitjans.com Responsable: CREACIONES Y DISE\u00d1O MITJANS S.L. NIF: B64704976 Domicilio: [&hellip;]\" \/>\n<meta property=\"og:url\" content=\"https:\/\/cdmitjans.com\/de\/aviso-legal\/\" \/>\n<meta property=\"og:site_name\" content=\"CD Mitjans\" \/>\n<meta property=\"article:modified_time\" content=\"2024-03-21T13:38:54+00:00\" \/>\n<meta name=\"twitter:card\" content=\"summary_large_image\" \/>\n<meta name=\"twitter:label1\" content=\"Gesch\u00e4tzte Lesezeit\" \/>\n\t<meta name=\"twitter:data1\" content=\"6\u00a0Minuten\" \/>\n<script type=\"application\/ld+json\" class=\"yoast-schema-graph\">{\"@context\":\"https:\/\/schema.org\",\"@graph\":[{\"@type\":\"WebPage\",\"@id\":\"https:\/\/cdmitjans.com\/aviso-legal\/\",\"url\":\"https:\/\/cdmitjans.com\/aviso-legal\/\",\"name\":\"Aviso Legal - CD Mitjans\",\"isPartOf\":{\"@id\":\"https:\/\/cdmitjans.com\/en\/#website\"},\"datePublished\":\"2023-11-28T00:50:20+00:00\",\"dateModified\":\"2024-03-21T13:38:54+00:00\",\"breadcrumb\":{\"@id\":\"https:\/\/cdmitjans.com\/aviso-legal\/#breadcrumb\"},\"inLanguage\":\"de\",\"potentialAction\":[{\"@type\":\"ReadAction\",\"target\":[\"https:\/\/cdmitjans.com\/aviso-legal\/\"]}]},{\"@type\":\"BreadcrumbList\",\"@id\":\"https:\/\/cdmitjans.com\/aviso-legal\/#breadcrumb\",\"itemListElement\":[{\"@type\":\"ListItem\",\"position\":1,\"name\":\"Portada\",\"item\":\"https:\/\/cdmitjans.com\/\"},{\"@type\":\"ListItem\",\"position\":2,\"name\":\"Aviso Legal\"}]},{\"@type\":\"WebSite\",\"@id\":\"https:\/\/cdmitjans.com\/en\/#website\",\"url\":\"https:\/\/cdmitjans.com\/en\/\",\"name\":\"CD Mitjans\",\"description\":\"\",\"potentialAction\":[{\"@type\":\"SearchAction\",\"target\":{\"@type\":\"EntryPoint\",\"urlTemplate\":\"https:\/\/cdmitjans.com\/en\/?s={search_term_string}\"},\"query-input\":{\"@type\":\"PropertyValueSpecification\",\"valueRequired\":true,\"valueName\":\"search_term_string\"}}],\"inLanguage\":\"de\"}]}<\/script>\n<!-- \/ Yoast SEO plugin. -->","yoast_head_json":{"title":"Impressum - CD Mitjans","robots":{"index":"index","follow":"follow","max-snippet":"max-snippet:-1","max-image-preview":"max-image-preview:large","max-video-preview":"max-video-preview:-1"},"canonical":"https:\/\/cdmitjans.com\/de\/aviso-legal\/","og_locale":"de_DE","og_type":"article","og_title":"Aviso Legal - CD Mitjans","og_description":"Aviso Legal Responsable del tratamiento de los datos En cumplimiento del deber de informaci\u00f3n que establece la Ley La 34\/2002, de 11 de julio, de Servicios de la Sociedad de la Informaci\u00f3n y del Comercio Electr\u00f3nico, le comunicamos que esta web es titularidad de: Web: cdmitjans.com Responsable: CREACIONES Y DISE\u00d1O MITJANS S.L. NIF: B64704976 Domicilio: [&hellip;]","og_url":"https:\/\/cdmitjans.com\/de\/aviso-legal\/","og_site_name":"CD Mitjans","article_modified_time":"2024-03-21T13:38:54+00:00","twitter_card":"summary_large_image","twitter_misc":{"Gesch\u00e4tzte Lesezeit":"6\u00a0Minuten"},"schema":{"@context":"https:\/\/schema.org","@graph":[{"@type":"WebPage","@id":"https:\/\/cdmitjans.com\/aviso-legal\/","url":"https:\/\/cdmitjans.com\/aviso-legal\/","name":"Impressum - CD Mitjans","isPartOf":{"@id":"https:\/\/cdmitjans.com\/en\/#website"},"datePublished":"2023-11-28T00:50:20+00:00","dateModified":"2024-03-21T13:38:54+00:00","breadcrumb":{"@id":"https:\/\/cdmitjans.com\/aviso-legal\/#breadcrumb"},"inLanguage":"de","potentialAction":[{"@type":"ReadAction","target":["https:\/\/cdmitjans.com\/aviso-legal\/"]}]},{"@type":"BreadcrumbList","@id":"https:\/\/cdmitjans.com\/aviso-legal\/#breadcrumb","itemListElement":[{"@type":"ListItem","position":1,"name":"Portada","item":"https:\/\/cdmitjans.com\/"},{"@type":"ListItem","position":2,"name":"Aviso Legal"}]},{"@type":"WebSite","@id":"https:\/\/cdmitjans.com\/en\/#website","url":"https:\/\/cdmitjans.com\/en\/","name":"CD Mitjans","description":"","potentialAction":[{"@type":"SearchAction","target":{"@type":"EntryPoint","urlTemplate":"https:\/\/cdmitjans.com\/en\/?s={search_term_string}"},"query-input":{"@type":"PropertyValueSpecification","valueRequired":true,"valueName":"search_term_string"}}],"inLanguage":"de"}]}},"_links":{"self":[{"href":"https:\/\/cdmitjans.com\/de\/wp-json\/wp\/v2\/pages\/296","targetHints":{"allow":["GET"]}}],"collection":[{"href":"https:\/\/cdmitjans.com\/de\/wp-json\/wp\/v2\/pages"}],"about":[{"href":"https:\/\/cdmitjans.com\/de\/wp-json\/wp\/v2\/types\/page"}],"author":[{"embeddable":true,"href":"https:\/\/cdmitjans.com\/de\/wp-json\/wp\/v2\/users\/1"}],"replies":[{"embeddable":true,"href":"https:\/\/cdmitjans.com\/de\/wp-json\/wp\/v2\/comments?post=296"}],"version-history":[{"count":17,"href":"https:\/\/cdmitjans.com\/de\/wp-json\/wp\/v2\/pages\/296\/revisions"}],"predecessor-version":[{"id":1953,"href":"https:\/\/cdmitjans.com\/de\/wp-json\/wp\/v2\/pages\/296\/revisions\/1953"}],"wp:attachment":[{"href":"https:\/\/cdmitjans.com\/de\/wp-json\/wp\/v2\/media?parent=296"}],"curies":[{"name":"wp","href":"https:\/\/api.w.org\/{rel}","templated":true}]}}