{"id":1669,"date":"2025-04-10T10:44:26","date_gmt":"2025-04-10T08:44:26","guid":{"rendered":"https:\/\/cdmitjans.com\/?page_id=1669"},"modified":"2026-02-10T11:44:19","modified_gmt":"2026-02-10T10:44:19","slug":"ferias-y-eventos-profesionales","status":"publish","type":"page","link":"https:\/\/cdmitjans.com\/de\/ferias-y-eventos-profesionales\/","title":{"rendered":"B2B"},"content":{"rendered":"<div data-elementor-type=\"wp-page\" data-elementor-id=\"1669\" class=\"elementor elementor-1669\" data-elementor-post-type=\"page\">\n\t\t\t\t\t\t<section class=\"elementor-section elementor-top-section elementor-element elementor-element-55547fb elementor-section-height-min-height elementor-section-boxed elementor-section-height-default elementor-section-items-middle\" data-id=\"55547fb\" data-element_type=\"section\" data-settings=\"{&quot;background_background&quot;:&quot;classic&quot;}\">\n\t\t\t\t\t\t\t<div class=\"elementor-background-overlay\"><\/div>\n\t\t\t\t\t\t\t<div class=\"elementor-container elementor-column-gap-default\">\n\t\t\t\t\t<div class=\"elementor-column elementor-col-100 elementor-top-column elementor-element elementor-element-9ce8693\" data-id=\"9ce8693\" data-element_type=\"column\">\n\t\t\t<div class=\"elementor-widget-wrap elementor-element-populated\">\n\t\t\t\t\t\t<div class=\"elementor-element elementor-element-99a74a6 elementor-widget elementor-widget-heading\" data-id=\"99a74a6\" data-element_type=\"widget\" data-widget_type=\"heading.default\">\n\t\t\t\t<div class=\"elementor-widget-container\">\n\t\t\t\t\t<h1 class=\"elementor-heading-title elementor-size-default\">Messen und Fachveranstaltungen<\/h1>\t\t\t\t<\/div>\n\t\t\t\t<\/div>\n\t\t\t\t\t<\/div>\n\t\t<\/div>\n\t\t\t\t\t<\/div>\n\t\t<\/section>\n\t\t<div class=\"elementor-element elementor-element-e326a91 e-flex e-con-boxed e-con e-parent\" data-id=\"e326a91\" data-element_type=\"container\">\n\t\t\t\t\t<div class=\"e-con-inner\">\n\t\t\t\t<div class=\"elementor-element elementor-element-a0589ec elementor-widget elementor-widget-text-editor\" data-id=\"a0589ec\" data-element_type=\"widget\" data-widget_type=\"text-editor.default\">\n\t\t\t\t<div class=\"elementor-widget-container\">\n\t\t\t\t\t\t\t\t\t<h2 style=\"text-align: center;\">\u00a0Unsere Pr\u00e4senz auf internationalen Messen<\/h2><p>Teil der Modewelt zu sein bedeutet, st\u00e4ndig in Bewegung zu sein, von neuen Ideen umgeben zu sein und mit Menschen in Kontakt zu treten, die eine Leidenschaft f\u00fcr Design, Qualit\u00e4t und Innovation haben. Deshalb beteiligen wir uns seit unseren Anf\u00e4ngen aktiv an <strong>internationale Modemessen<\/strong> die es uns erm\u00f6glichen, unserer Arbeit Sichtbarkeit zu verleihen und als Marke weiter zu wachsen.<\/p><p>Diese Veranstaltungen sind ein Treffpunkt f\u00fcr unsere aktuellen und zuk\u00fcnftigen Kunden sowie andere Fachleute der Branche. Jede Messe ist eine Gelegenheit, unsere neuen Kollektionen vorzustellen, Trends zu entdecken und die Essenz dessen zu teilen, was wir mit Liebe und Hingabe tun.<\/p><p>Wir sind besonders gespannt, wie unsere St\u00fccke an jedem Stand zum Leben erweckt werden, wie das Publikum mit unseren Designs interagiert und wie wir Jahr f\u00fcr Jahr wieder mit Partnern aus ganz Europa zusammenkommen.<\/p><hr \/>\t\t\t\t\t\t\t\t<\/div>\n\t\t\t\t<\/div>\n\t\t\t\t\t<\/div>\n\t\t\t\t<\/div>\n\t\t<div class=\"elementor-element elementor-element-8cdcf34 e-flex e-con-boxed e-con e-parent\" data-id=\"8cdcf34\" data-element_type=\"container\">\n\t\t\t\t\t<div class=\"e-con-inner\">\n\t\t<div class=\"elementor-element elementor-element-3520915 e-con-full e-flex e-con e-child\" data-id=\"3520915\" data-element_type=\"container\">\n\t\t\t\t<div class=\"elementor-element elementor-element-ce4c8bf elementor-widget elementor-widget-text-editor\" data-id=\"ce4c8bf\" data-element_type=\"widget\" data-widget_type=\"text-editor.default\">\n\t\t\t\t<div class=\"elementor-widget-container\">\n\t\t\t\t\t\t\t\t\t<h3>M\u00f6chten Sie mehr erfahren?<\/h3><p>Wenn Sie einen Termin vereinbaren oder mehr \u00fcber unsere Messeteilnahmen erfahren m\u00f6chten, z\u00f6gern Sie nicht, uns zu kontaktieren. <a href=\"\/de\/contacto\/\">Kontaktieren Sie uns hier<\/a>.<\/p>\t\t\t\t\t\t\t\t<\/div>\n\t\t\t\t<\/div>\n\t\t\t\t<\/div>\n\t\t\t\t<div class=\"elementor-element elementor-element-7488cce elementor-widget elementor-widget-video\" data-id=\"7488cce\" data-element_type=\"widget\" data-settings=\"{&quot;video_type&quot;:&quot;hosted&quot;,&quot;autoplay&quot;:&quot;yes&quot;,&quot;loop&quot;:&quot;yes&quot;}\" data-widget_type=\"video.default\">\n\t\t\t\t<div class=\"elementor-widget-container\">\n\t\t\t\t\t\t\t<div class=\"e-hosted-video elementor-wrapper elementor-open-inline\">\n\t\t\t\t\t<video class=\"elementor-video\" src=\"https:\/\/cdmitjans.com\/wp-content\/uploads\/2025\/05\/WhatsApp-Video-2025-05-09-at-10.46.09.mp4\" autoplay=\"\" loop=\"\" controlslist=\"nodownload\"><\/video>\n\t\t\t\t<\/div>\n\t\t\t\t\t\t<\/div>\n\t\t\t\t<\/div>\n\t\t\t\t\t<\/div>\n\t\t\t\t<\/div>\n\t\t<div class=\"elementor-element elementor-element-4941794 e-flex e-con-boxed e-con e-parent\" data-id=\"4941794\" data-element_type=\"container\">\n\t\t\t\t\t<div class=\"e-con-inner\">\n\t\t\t\t<div class=\"elementor-element elementor-element-f17265a elementor-widget elementor-widget-text-editor\" data-id=\"f17265a\" data-element_type=\"widget\" data-widget_type=\"text-editor.default\">\n\t\t\t\t<div class=\"elementor-widget-container\">\n\t\t\t\t\t\t\t\t\t<h3 data-start=\"81\" data-end=\"165\">Wir pr\u00e4sentieren unsere neue Kollektion in K\u00fcrze auf den wichtigsten Messen!<\/h3><p class=\"\" data-start=\"167\" data-end=\"428\">Wir freuen uns, Ihnen mitteilen zu k\u00f6nnen, dass wir unsere neue Kollektion in K\u00fcrze auf den f\u00fchrenden Messen der Branche pr\u00e4sentieren werden. Mit dem Ziel, weiterhin innovativ zu sein und das Beste anzubieten, haben wir hart daran gearbeitet, einzigartige Angebote zu schaffen, die alle \u00fcberraschen werden.<\/p><p class=\"\" data-start=\"430\" data-end=\"724\">Messen sind der perfekte Rahmen, um unsere neuesten Kreationen zu pr\u00e4sentieren, mit unseren Kunden und Partnern zu interagieren und Ihnen mitzuteilen, was wir f\u00fcr diese Saison vorbereitet haben. Jedes St\u00fcck und jedes Detail unserer Kollektion soll inspirieren und einen Unterschied machen.<\/p><p class=\"\" data-start=\"726\" data-end=\"890\">Verpassen Sie nicht die Gelegenheit, Teil dieses einzigartigen Erlebnisses zu sein. Wir freuen uns darauf, Sie auf den kommenden Messen zu sehen und unsere Neuheiten kennenzulernen!<\/p><p data-start=\"726\" data-end=\"890\"><img fetchpriority=\"high\" decoding=\"async\" class=\"size-full wp-image-1796 aligncenter\" src=\"https:\/\/cdmitjans.com\/wp-content\/uploads\/2025\/05\/Portada-para-Facebook-para-Feria-de-Moda-Fotografica-Negra-y-Blanca2.png\" alt=\"\" width=\"851\" height=\"315\" srcset=\"https:\/\/cdmitjans.com\/wp-content\/uploads\/2025\/05\/Portada-para-Facebook-para-Feria-de-Moda-Fotografica-Negra-y-Blanca2.png 851w, https:\/\/cdmitjans.com\/wp-content\/uploads\/2025\/05\/Portada-para-Facebook-para-Feria-de-Moda-Fotografica-Negra-y-Blanca2-300x111.png 300w, https:\/\/cdmitjans.com\/wp-content\/uploads\/2025\/05\/Portada-para-Facebook-para-Feria-de-Moda-Fotografica-Negra-y-Blanca2-768x284.png 768w, https:\/\/cdmitjans.com\/wp-content\/uploads\/2025\/05\/Portada-para-Facebook-para-Feria-de-Moda-Fotografica-Negra-y-Blanca2-18x7.png 18w\" sizes=\"(max-width: 851px) 100vw, 851px\" \/><\/p>\t\t\t\t\t\t\t\t<\/div>\n\t\t\t\t<\/div>\n\t\t\t\t\t<\/div>\n\t\t\t\t<\/div>\n\t\t<div class=\"elementor-element elementor-element-4eb65ed e-flex e-con-boxed e-con e-parent\" data-id=\"4eb65ed\" data-element_type=\"container\">\n\t\t\t\t\t<div class=\"e-con-inner\">\n\t\t\t\t<div class=\"elementor-element elementor-element-805732d elementor-widget elementor-widget-text-editor\" data-id=\"805732d\" data-element_type=\"widget\" data-widget_type=\"text-editor.default\">\n\t\t\t\t<div class=\"elementor-widget-container\">\n\t\t\t\t\t\t\t\t\t<hr \/><h3>Kommende Veranstaltungen<\/h3><ul><li><h3><strong>19. \u2013 20. \u2013 21. Juli:<\/strong> Maredamare \u2013 Florenz (Italien)<\/h3><\/li><\/ul><p>Diesen Juli sind wir auf der Maredamare, der internationalen Beachwear-Messe in Florenz, vertreten! Ein exklusives Event, bei dem Sie die neuesten Trends in Sachen Bademode und Strandmode entdecken k\u00f6nnen. Wir w\u00fcrden gerne Teil dieses einzigartigen Erlebnisses voller Kreativit\u00e4t, Stil und Innovation sein.<\/p><p><img decoding=\"async\" class=\"wp-image-1791 aligncenter\" src=\"https:\/\/cdmitjans.com\/wp-content\/uploads\/2025\/05\/fsfg.png\" alt=\"\" width=\"371\" height=\"241\" srcset=\"https:\/\/cdmitjans.com\/wp-content\/uploads\/2025\/05\/fsfg.png 637w, https:\/\/cdmitjans.com\/wp-content\/uploads\/2025\/05\/fsfg-300x195.png 300w, https:\/\/cdmitjans.com\/wp-content\/uploads\/2025\/05\/fsfg-18x12.png 18w\" sizes=\"(max-width: 371px) 100vw, 371px\" \/><\/p><ul><li><h3><strong>27. \u2013 28. Juli:<\/strong> BodyFashion Messe \u2013 Antwerpen<\/h3><\/li><\/ul><p>Diesen Juli fahren wir zur Bodyfashion Tradefair nach Antwerpen! Ein Top-Event, bei dem Stil, Komfort und Trends in Sachen Dessous, Bademode und Lifestyle im Mittelpunkt stehen. Zwei intensive Tage umgeben von den besten Marken und Neuheiten f\u00fcr den Sommer 2026. Wir sehen uns zwischen Spitze, Bikinis und jeder Menge Modeinspiration!<\/p><p><img decoding=\"async\" class=\"alignnone size-full wp-image-1792\" src=\"https:\/\/cdmitjans.com\/wp-content\/uploads\/2025\/05\/gfjrfj.png\" alt=\"\" width=\"1343\" height=\"351\" srcset=\"https:\/\/cdmitjans.com\/wp-content\/uploads\/2025\/05\/gfjrfj.png 1343w, https:\/\/cdmitjans.com\/wp-content\/uploads\/2025\/05\/gfjrfj-300x78.png 300w, https:\/\/cdmitjans.com\/wp-content\/uploads\/2025\/05\/gfjrfj-1024x268.png 1024w, https:\/\/cdmitjans.com\/wp-content\/uploads\/2025\/05\/gfjrfj-768x201.png 768w, https:\/\/cdmitjans.com\/wp-content\/uploads\/2025\/05\/gfjrfj-18x5.png 18w\" sizes=\"(max-width: 1343px) 100vw, 1343px\" \/><\/p><hr \/>\t\t\t\t\t\t\t\t<\/div>\n\t\t\t\t<\/div>\n\t\t\t\t\t<\/div>\n\t\t\t\t<\/div>\n\t\t<div class=\"elementor-element elementor-element-4a0bf951 e-flex e-con-boxed e-con e-parent\" data-id=\"4a0bf951\" data-element_type=\"container\">\n\t\t\t\t\t<div class=\"e-con-inner\">\n\t\t\t\t<div class=\"elementor-element elementor-element-3897e596 elementor-widget elementor-widget-text-editor\" data-id=\"3897e596\" data-element_type=\"widget\" data-widget_type=\"text-editor.default\">\n\t\t\t\t<div class=\"elementor-widget-container\">\n\t\t\t\t\t\t\t\t\t<h3>Fr\u00fchere Veranstaltungen<\/h3><h3>Bodyfashion Trade \u2013 Antwerpen, Belgien<\/h3><p><img loading=\"lazy\" decoding=\"async\" class=\"size-full wp-image-1673 alignnone\" src=\"https:\/\/cdmitjans.com\/wp-content\/uploads\/2025\/04\/bodyfashion.jpg\" alt=\"\" width=\"607\" height=\"241\" srcset=\"https:\/\/cdmitjans.com\/wp-content\/uploads\/2025\/04\/bodyfashion.jpg 607w, https:\/\/cdmitjans.com\/wp-content\/uploads\/2025\/04\/bodyfashion-300x119.jpg 300w, https:\/\/cdmitjans.com\/wp-content\/uploads\/2025\/04\/bodyfashion-18x7.jpg 18w\" sizes=\"(max-width: 607px) 100vw, 607px\" \/><\/p><p>Der <strong>Bodyfashion-Handel<\/strong> Sie ist eine der bedeutendsten Messen Europas im Bereich Unterw\u00e4sche und Bademode. Wir nehmen jedes Jahr mit Stolz teil, pr\u00e4sentieren unsere neuesten Produkte und kn\u00fcpfen Kontakte zu internationalen Kunden und H\u00e4ndlern.<\/p><ul><li><strong>Standort:<\/strong> Antwerpen Expo, Belgien<\/li><li><strong>Datum:<\/strong> 28. und 29. Juli 2024<\/li><\/ul><blockquote><p>\u201eBodyfashion Trade ist nicht nur eine Handelsmesse, sondern ein besonderes Event, das uns inspiriert und uns zu weiterem Wachstum antreibt.<\/p><\/blockquote><hr \/>\t\t\t\t\t\t\t\t<\/div>\n\t\t\t\t<\/div>\n\t\t\t\t\t<\/div>\n\t\t\t\t<\/div>\n\t\t<div class=\"elementor-element elementor-element-69f24a6 e-con-full e-flex e-con e-parent\" data-id=\"69f24a6\" data-element_type=\"container\">\n\t\t\t\t<div class=\"elementor-element elementor-element-128c01f elementor-arrows-position-inside elementor-pagination-position-outside elementor-widget elementor-widget-image-carousel\" data-id=\"128c01f\" data-element_type=\"widget\" data-settings=\"{&quot;slides_to_scroll&quot;:&quot;2&quot;,&quot;image_spacing_custom&quot;:{&quot;unit&quot;:&quot;px&quot;,&quot;size&quot;:33,&quot;sizes&quot;:[]},&quot;navigation&quot;:&quot;both&quot;,&quot;autoplay&quot;:&quot;yes&quot;,&quot;pause_on_hover&quot;:&quot;yes&quot;,&quot;pause_on_interaction&quot;:&quot;yes&quot;,&quot;autoplay_speed&quot;:5000,&quot;infinite&quot;:&quot;yes&quot;,&quot;speed&quot;:500,&quot;image_spacing_custom_tablet&quot;:{&quot;unit&quot;:&quot;px&quot;,&quot;size&quot;:&quot;&quot;,&quot;sizes&quot;:[]},&quot;image_spacing_custom_mobile&quot;:{&quot;unit&quot;:&quot;px&quot;,&quot;size&quot;:&quot;&quot;,&quot;sizes&quot;:[]}}\" data-widget_type=\"image-carousel.default\">\n\t\t\t\t<div class=\"elementor-widget-container\">\n\t\t\t\t\t\t\t<div class=\"elementor-image-carousel-wrapper swiper\" role=\"region\" aria-roledescription=\"carousel\" aria-label=\"Bilderkarussell\" dir=\"ltr\">\n\t\t\t<div class=\"elementor-image-carousel swiper-wrapper\" aria-live=\"off\">\n\t\t\t\t\t\t\t\t<div class=\"swiper-slide\" role=\"group\" aria-roledescription=\"slide\" aria-label=\"1 von 8\"><figure class=\"swiper-slide-inner\"><img decoding=\"async\" class=\"swiper-slide-image\" src=\"https:\/\/cdmitjans.com\/wp-content\/uploads\/2025\/04\/Antwerp-Expo-2024-56-1-1024x683.jpg\" alt=\"Antwerp-Expo-2024--56\" \/><\/figure><\/div><div class=\"swiper-slide\" role=\"group\" aria-roledescription=\"slide\" aria-label=\"2 von 8\"><figure class=\"swiper-slide-inner\"><img decoding=\"async\" class=\"swiper-slide-image\" src=\"https:\/\/cdmitjans.com\/wp-content\/uploads\/2025\/04\/Antwerp-Expo-2024-57-1-1024x683.jpg\" alt=\"Antwerp-Expo-2024--57\" \/><\/figure><\/div><div class=\"swiper-slide\" role=\"group\" aria-roledescription=\"slide\" aria-label=\"3 von 8\"><figure class=\"swiper-slide-inner\"><img decoding=\"async\" class=\"swiper-slide-image\" src=\"https:\/\/cdmitjans.com\/wp-content\/uploads\/2025\/04\/Antwerp-Expo-2024-54-1024x683.jpg\" alt=\"Antwerp-Expo-2024--54\" \/><\/figure><\/div><div class=\"swiper-slide\" role=\"group\" aria-roledescription=\"slide\" aria-label=\"4 von 8\"><figure class=\"swiper-slide-inner\"><img decoding=\"async\" class=\"swiper-slide-image\" src=\"https:\/\/cdmitjans.com\/wp-content\/uploads\/2025\/04\/Antwerp-Expo-2024-47-1-1024x683.jpg\" alt=\"Antwerp-Expo-2024--47\" \/><\/figure><\/div><div class=\"swiper-slide\" role=\"group\" aria-roledescription=\"slide\" aria-label=\"5 von 8\"><figure class=\"swiper-slide-inner\"><img decoding=\"async\" class=\"swiper-slide-image\" src=\"https:\/\/cdmitjans.com\/wp-content\/uploads\/2025\/04\/Antwerp-Expo-2024-46-1024x683.jpg\" alt=\"Antwerp-Expo-2024--46\" \/><\/figure><\/div><div class=\"swiper-slide\" role=\"group\" aria-roledescription=\"slide\" aria-label=\"6 von 8\"><figure class=\"swiper-slide-inner\"><img decoding=\"async\" class=\"swiper-slide-image\" src=\"https:\/\/cdmitjans.com\/wp-content\/uploads\/2025\/04\/Antwerp-Expo-2024-48-1024x683.jpg\" alt=\"Antwerp-Expo-2024--48\" \/><\/figure><\/div><div class=\"swiper-slide\" role=\"group\" aria-roledescription=\"slide\" aria-label=\"7 von 8\"><figure class=\"swiper-slide-inner\"><img decoding=\"async\" class=\"swiper-slide-image\" src=\"https:\/\/cdmitjans.com\/wp-content\/uploads\/2025\/04\/Antwerp-Expo-2024-59-1024x683.jpg\" alt=\"Antwerp-Expo-2024--59\" \/><\/figure><\/div><div class=\"swiper-slide\" role=\"group\" aria-roledescription=\"slide\" aria-label=\"8 von 8\"><figure class=\"swiper-slide-inner\"><img decoding=\"async\" class=\"swiper-slide-image\" src=\"https:\/\/cdmitjans.com\/wp-content\/uploads\/2025\/04\/Antwerp-Expo-2024-52-1-1024x683.jpg\" alt=\"Antwerp-Expo-2024--52\" \/><\/figure><\/div>\t\t\t<\/div>\n\t\t\t\t\t\t\t\t\t\t\t\t<div class=\"elementor-swiper-button elementor-swiper-button-prev\" role=\"button\" tabindex=\"0\">\n\t\t\t\t\t\t<svg aria-hidden=\"true\" class=\"e-font-icon-svg e-eicon-chevron-left\" viewbox=\"0 0 1000 1000\" xmlns=\"http:\/\/www.w3.org\/2000\/svg\"><path d=\"M646 125C629 125 613 133 604 142L308 442C296 454 292 471 292 487 292 504 296 521 308 533L604 854C617 867 629 875 646 875 663 875 679 871 692 858 704 846 713 829 713 812 713 796 708 779 692 767L438 487 692 225C700 217 708 204 708 187 708 171 704 154 692 142 675 129 663 125 646 125Z\"><\/path><\/svg>\t\t\t\t\t<\/div>\n\t\t\t\t\t<div class=\"elementor-swiper-button elementor-swiper-button-next\" role=\"button\" tabindex=\"0\">\n\t\t\t\t\t\t<svg aria-hidden=\"true\" class=\"e-font-icon-svg e-eicon-chevron-right\" viewbox=\"0 0 1000 1000\" xmlns=\"http:\/\/www.w3.org\/2000\/svg\"><path d=\"M696 533C708 521 713 504 713 487 713 471 708 454 696 446L400 146C388 133 375 125 354 125 338 125 325 129 313 142 300 154 292 171 292 187 292 204 296 221 308 233L563 492 304 771C292 783 288 800 288 817 288 833 296 850 308 863 321 871 338 875 354 875 371 875 388 867 400 854L696 533Z\"><\/path><\/svg>\t\t\t\t\t<\/div>\n\t\t\t\t\n\t\t\t\t\t\t\t\t\t<div class=\"swiper-pagination\"><\/div>\n\t\t\t\t\t\t\t\t\t<\/div>\n\t\t\t\t\t\t<\/div>\n\t\t\t\t<\/div>\n\t\t\t\t<\/div>\n\t\t<div class=\"elementor-element elementor-element-fb05ab1 e-flex e-con-boxed e-con e-parent\" data-id=\"fb05ab1\" data-element_type=\"container\">\n\t\t\t\t\t<div class=\"e-con-inner\">\n\t\t\t\t<div class=\"elementor-element elementor-element-a3288e6 elementor-widget elementor-widget-text-editor\" data-id=\"a3288e6\" data-element_type=\"widget\" data-widget_type=\"text-editor.default\">\n\t\t\t\t<div class=\"elementor-widget-container\">\n\t\t\t\t\t\t\t\t\t<hr \/><h3>M\u00f6chten Sie mehr erfahren?<\/h3><p>Wenn Sie einen Termin vereinbaren oder mehr \u00fcber unsere Messeteilnahmen erfahren m\u00f6chten, z\u00f6gern Sie nicht, uns zu kontaktieren. <a href=\"\/de\/contacto\/\">Kontaktieren Sie uns hier<\/a>.<\/p>\t\t\t\t\t\t\t\t<\/div>\n\t\t\t\t<\/div>\n\t\t\t\t\t<\/div>\n\t\t\t\t<\/div>\n\t\t\t\t<\/div>","protected":false},"excerpt":{"rendered":"<p>Ferias y eventos professionales \u00a0Nuestra presencia en ferias internacionales Formar parte del mundo de la moda significa estar en constante movimiento, rodearse de nuevas ideas, y conectar con personas apasionadas por el dise\u00f1o, la calidad y la innovaci\u00f3n. Por eso, desde nuestros inicios, participamos activamente en ferias de moda internacionales que nos permiten dar visibilidad [&hellip;]<\/p>","protected":false},"author":2,"featured_media":0,"parent":0,"menu_order":0,"comment_status":"closed","ping_status":"closed","template":"","meta":{"footnotes":""},"class_list":["post-1669","page","type-page","status-publish","hentry"],"yoast_head":"<!-- This site is optimized with the Yoast SEO plugin v25.8 - https:\/\/yoast.com\/wordpress\/plugins\/seo\/ -->\n<title>Ferias y eventos del sector de la moda de mujer | CD Mitjans Mayorista<\/title>\n<meta name=\"description\" content=\"Participamos en ferias de moda para distribuidores de ropa de mujer. Conoce nuestras colecciones y oportunidades para mayoristas en toda Europa.\" \/>\n<meta name=\"robots\" content=\"index, follow, max-snippet:-1, max-image-preview:large, max-video-preview:-1\" \/>\n<link rel=\"canonical\" href=\"https:\/\/cdmitjans.com\/de\/ferias-y-eventos-profesionales\/\" \/>\n<meta property=\"og:locale\" content=\"de_DE\" \/>\n<meta property=\"og:type\" content=\"article\" \/>\n<meta property=\"og:title\" content=\"Ferias y eventos del sector de la moda de mujer | CD Mitjans Mayorista\" \/>\n<meta property=\"og:description\" content=\"Participamos en ferias de moda para distribuidores de ropa de mujer. Conoce nuestras colecciones y oportunidades para mayoristas en toda Europa.\" \/>\n<meta property=\"og:url\" content=\"https:\/\/cdmitjans.com\/de\/ferias-y-eventos-profesionales\/\" \/>\n<meta property=\"og:site_name\" content=\"CD Mitjans\" \/>\n<meta property=\"article:modified_time\" content=\"2026-02-10T10:44:19+00:00\" \/>\n<meta property=\"og:image\" content=\"https:\/\/cdmitjans.com\/wp-content\/uploads\/2025\/05\/Portada-para-Facebook-para-Feria-de-Moda-Fotografica-Negra-y-Blanca2.png\" \/>\n\t<meta property=\"og:image:width\" content=\"851\" \/>\n\t<meta property=\"og:image:height\" content=\"315\" \/>\n\t<meta property=\"og:image:type\" content=\"image\/png\" \/>\n<meta name=\"twitter:card\" content=\"summary_large_image\" \/>\n<meta name=\"twitter:label1\" content=\"Gesch\u00e4tzte Lesezeit\" \/>\n\t<meta name=\"twitter:data1\" content=\"6\u00a0Minuten\" \/>\n<script type=\"application\/ld+json\" class=\"yoast-schema-graph\">{\"@context\":\"https:\/\/schema.org\",\"@graph\":[{\"@type\":\"WebPage\",\"@id\":\"https:\/\/cdmitjans.com\/ferias-y-eventos-profesionales\/\",\"url\":\"https:\/\/cdmitjans.com\/ferias-y-eventos-profesionales\/\",\"name\":\"Ferias y eventos del sector de la moda de mujer | CD Mitjans Mayorista\",\"isPartOf\":{\"@id\":\"https:\/\/cdmitjans.com\/en\/#website\"},\"primaryImageOfPage\":{\"@id\":\"https:\/\/cdmitjans.com\/ferias-y-eventos-profesionales\/#primaryimage\"},\"image\":{\"@id\":\"https:\/\/cdmitjans.com\/ferias-y-eventos-profesionales\/#primaryimage\"},\"thumbnailUrl\":\"https:\/\/cdmitjans.com\/wp-content\/uploads\/2025\/05\/Portada-para-Facebook-para-Feria-de-Moda-Fotografica-Negra-y-Blanca2.png\",\"datePublished\":\"2025-04-10T08:44:26+00:00\",\"dateModified\":\"2026-02-10T10:44:19+00:00\",\"description\":\"Participamos en ferias de moda para distribuidores de ropa de mujer. Conoce nuestras colecciones y oportunidades para mayoristas en toda Europa.\",\"breadcrumb\":{\"@id\":\"https:\/\/cdmitjans.com\/ferias-y-eventos-profesionales\/#breadcrumb\"},\"inLanguage\":\"de\",\"potentialAction\":[{\"@type\":\"ReadAction\",\"target\":[\"https:\/\/cdmitjans.com\/ferias-y-eventos-profesionales\/\"]}]},{\"@type\":\"ImageObject\",\"inLanguage\":\"de\",\"@id\":\"https:\/\/cdmitjans.com\/ferias-y-eventos-profesionales\/#primaryimage\",\"url\":\"https:\/\/cdmitjans.com\/wp-content\/uploads\/2025\/05\/Portada-para-Facebook-para-Feria-de-Moda-Fotografica-Negra-y-Blanca2.png\",\"contentUrl\":\"https:\/\/cdmitjans.com\/wp-content\/uploads\/2025\/05\/Portada-para-Facebook-para-Feria-de-Moda-Fotografica-Negra-y-Blanca2.png\"},{\"@type\":\"BreadcrumbList\",\"@id\":\"https:\/\/cdmitjans.com\/ferias-y-eventos-profesionales\/#breadcrumb\",\"itemListElement\":[{\"@type\":\"ListItem\",\"position\":1,\"name\":\"Portada\",\"item\":\"https:\/\/cdmitjans.com\/\"},{\"@type\":\"ListItem\",\"position\":2,\"name\":\"B2B\"}]},{\"@type\":\"WebSite\",\"@id\":\"https:\/\/cdmitjans.com\/en\/#website\",\"url\":\"https:\/\/cdmitjans.com\/en\/\",\"name\":\"CD Mitjans\",\"description\":\"\",\"potentialAction\":[{\"@type\":\"SearchAction\",\"target\":{\"@type\":\"EntryPoint\",\"urlTemplate\":\"https:\/\/cdmitjans.com\/en\/?s={search_term_string}\"},\"query-input\":{\"@type\":\"PropertyValueSpecification\",\"valueRequired\":true,\"valueName\":\"search_term_string\"}}],\"inLanguage\":\"de\"}]}<\/script>\n<!-- \/ Yoast SEO plugin. -->","yoast_head_json":{"title":"Ferias y eventos del sector de la moda de mujer | CD Mitjans Mayorista","description":"Participamos en ferias de moda para distribuidores de ropa de mujer. Conoce nuestras colecciones y oportunidades para mayoristas en toda Europa.","robots":{"index":"index","follow":"follow","max-snippet":"max-snippet:-1","max-image-preview":"max-image-preview:large","max-video-preview":"max-video-preview:-1"},"canonical":"https:\/\/cdmitjans.com\/de\/ferias-y-eventos-profesionales\/","og_locale":"de_DE","og_type":"article","og_title":"Ferias y eventos del sector de la moda de mujer | CD Mitjans Mayorista","og_description":"Participamos en ferias de moda para distribuidores de ropa de mujer. Conoce nuestras colecciones y oportunidades para mayoristas en toda Europa.","og_url":"https:\/\/cdmitjans.com\/de\/ferias-y-eventos-profesionales\/","og_site_name":"CD Mitjans","article_modified_time":"2026-02-10T10:44:19+00:00","og_image":[{"width":851,"height":315,"url":"https:\/\/cdmitjans.com\/wp-content\/uploads\/2025\/05\/Portada-para-Facebook-para-Feria-de-Moda-Fotografica-Negra-y-Blanca2.png","type":"image\/png"}],"twitter_card":"summary_large_image","twitter_misc":{"Gesch\u00e4tzte Lesezeit":"6\u00a0Minuten"},"schema":{"@context":"https:\/\/schema.org","@graph":[{"@type":"WebPage","@id":"https:\/\/cdmitjans.com\/ferias-y-eventos-profesionales\/","url":"https:\/\/cdmitjans.com\/ferias-y-eventos-profesionales\/","name":"Ferias y eventos del sector de la moda de mujer | CD Mitjans Mayorista","isPartOf":{"@id":"https:\/\/cdmitjans.com\/en\/#website"},"primaryImageOfPage":{"@id":"https:\/\/cdmitjans.com\/ferias-y-eventos-profesionales\/#primaryimage"},"image":{"@id":"https:\/\/cdmitjans.com\/ferias-y-eventos-profesionales\/#primaryimage"},"thumbnailUrl":"https:\/\/cdmitjans.com\/wp-content\/uploads\/2025\/05\/Portada-para-Facebook-para-Feria-de-Moda-Fotografica-Negra-y-Blanca2.png","datePublished":"2025-04-10T08:44:26+00:00","dateModified":"2026-02-10T10:44:19+00:00","description":"Participamos en ferias de moda para distribuidores de ropa de mujer. Conoce nuestras colecciones y oportunidades para mayoristas en toda Europa.","breadcrumb":{"@id":"https:\/\/cdmitjans.com\/ferias-y-eventos-profesionales\/#breadcrumb"},"inLanguage":"de","potentialAction":[{"@type":"ReadAction","target":["https:\/\/cdmitjans.com\/ferias-y-eventos-profesionales\/"]}]},{"@type":"ImageObject","inLanguage":"de","@id":"https:\/\/cdmitjans.com\/ferias-y-eventos-profesionales\/#primaryimage","url":"https:\/\/cdmitjans.com\/wp-content\/uploads\/2025\/05\/Portada-para-Facebook-para-Feria-de-Moda-Fotografica-Negra-y-Blanca2.png","contentUrl":"https:\/\/cdmitjans.com\/wp-content\/uploads\/2025\/05\/Portada-para-Facebook-para-Feria-de-Moda-Fotografica-Negra-y-Blanca2.png"},{"@type":"BreadcrumbList","@id":"https:\/\/cdmitjans.com\/ferias-y-eventos-profesionales\/#breadcrumb","itemListElement":[{"@type":"ListItem","position":1,"name":"Portada","item":"https:\/\/cdmitjans.com\/"},{"@type":"ListItem","position":2,"name":"B2B"}]},{"@type":"WebSite","@id":"https:\/\/cdmitjans.com\/en\/#website","url":"https:\/\/cdmitjans.com\/en\/","name":"CD Mitjans","description":"","potentialAction":[{"@type":"SearchAction","target":{"@type":"EntryPoint","urlTemplate":"https:\/\/cdmitjans.com\/en\/?s={search_term_string}"},"query-input":{"@type":"PropertyValueSpecification","valueRequired":true,"valueName":"search_term_string"}}],"inLanguage":"de"}]}},"_links":{"self":[{"href":"https:\/\/cdmitjans.com\/de\/wp-json\/wp\/v2\/pages\/1669","targetHints":{"allow":["GET"]}}],"collection":[{"href":"https:\/\/cdmitjans.com\/de\/wp-json\/wp\/v2\/pages"}],"about":[{"href":"https:\/\/cdmitjans.com\/de\/wp-json\/wp\/v2\/types\/page"}],"author":[{"embeddable":true,"href":"https:\/\/cdmitjans.com\/de\/wp-json\/wp\/v2\/users\/2"}],"replies":[{"embeddable":true,"href":"https:\/\/cdmitjans.com\/de\/wp-json\/wp\/v2\/comments?post=1669"}],"version-history":[{"count":97,"href":"https:\/\/cdmitjans.com\/de\/wp-json\/wp\/v2\/pages\/1669\/revisions"}],"predecessor-version":[{"id":2204,"href":"https:\/\/cdmitjans.com\/de\/wp-json\/wp\/v2\/pages\/1669\/revisions\/2204"}],"wp:attachment":[{"href":"https:\/\/cdmitjans.com\/de\/wp-json\/wp\/v2\/media?parent=1669"}],"curies":[{"name":"wp","href":"https:\/\/api.w.org\/{rel}","templated":true}]}}