{"id":8,"date":"2023-11-27T10:53:22","date_gmt":"2023-11-27T10:53:22","guid":{"rendered":"https:\/\/cdmitjans.com\/?page_id=8"},"modified":"2026-01-22T12:54:38","modified_gmt":"2026-01-22T11:54:38","slug":"inicio","status":"publish","type":"page","link":"https:\/\/cdmitjans.com\/ca\/","title":{"rendered":"Inici"},"content":{"rendered":"<div data-elementor-type=\"wp-page\" data-elementor-id=\"8\" class=\"elementor elementor-8\" data-elementor-post-type=\"page\">\n\t\t\t\t<div class=\"elementor-element elementor-element-36f55eb e-flex e-con-boxed e-con e-parent\" data-id=\"36f55eb\" data-element_type=\"container\" data-settings=\"{&quot;background_background&quot;:&quot;video&quot;,&quot;background_video_link&quot;:&quot;https:\\\/\\\/cdmitjans.com\\\/wp-content\\\/uploads\\\/2024\\\/04\\\/mitjans-21.mp4&quot;,&quot;background_play_on_mobile&quot;:&quot;yes&quot;}\">\n\t\t\t\t\t<div class=\"e-con-inner\">\n\t\t<div class=\"elementor-background-video-container\" aria-hidden=\"true\">\n\t\t\t\t\t\t\t<video class=\"elementor-background-video-hosted\" autoplay muted playsinline loop><\/video>\n\t\t\t\t\t<\/div>\t\t<div class=\"elementor-element elementor-element-94b9b1d elementor-invisible elementor-widget elementor-widget-heading\" data-id=\"94b9b1d\" data-element_type=\"widget\" data-settings=\"{&quot;_animation&quot;:&quot;fadeInDown&quot;,&quot;_animation_delay&quot;:300}\" data-widget_type=\"heading.default\">\n\t\t\t\t<div class=\"elementor-widget-container\">\n\t\t\t\t\t<h1 class=\"elementor-heading-title elementor-size-default\">Moda de qualitat per a dones elegants, modernes i sofisticades\n<\/h1>\t\t\t\t<\/div>\n\t\t\t\t<\/div>\n\t\t\t\t<div class=\"elementor-element elementor-element-2eb2578 elementor-align-right elementor-mobile-align-center elementor-invisible elementor-widget elementor-widget-button\" data-id=\"2eb2578\" data-element_type=\"widget\" data-settings=\"{&quot;_animation&quot;:&quot;fadeInDown&quot;,&quot;_animation_delay&quot;:300}\" data-widget_type=\"button.default\">\n\t\t\t\t<div class=\"elementor-widget-container\">\n\t\t\t\t\t\t\t\t\t<div class=\"elementor-button-wrapper\">\n\t\t\t\t\t<a class=\"elementor-button elementor-button-link elementor-size-sm\" href=\"https:\/\/cdmitjans.com\/ca\/contacto\/\">\n\t\t\t\t\t\t<span class=\"elementor-button-content-wrapper\">\n\t\t\t\t\t\t\t\t\t<span class=\"elementor-button-text\">Contactar<\/span>\n\t\t\t\t\t<\/span>\n\t\t\t\t\t<\/a>\n\t\t\t\t<\/div>\n\t\t\t\t\t\t\t\t<\/div>\n\t\t\t\t<\/div>\n\t\t\t\t<div class=\"elementor-element elementor-element-d1dfc5a elementor-align-right elementor-widget elementor-widget-button\" data-id=\"d1dfc5a\" data-element_type=\"widget\" data-widget_type=\"button.default\">\n\t\t\t\t<div class=\"elementor-widget-container\">\n\t\t\t\t\t\t\t\t\t<div class=\"elementor-button-wrapper\">\n\t\t\t\t\t<a class=\"elementor-button elementor-button-link elementor-size-sm\" href=\"https:\/\/shop.cdmitjans.com\/#\">\n\t\t\t\t\t\t<span class=\"elementor-button-content-wrapper\">\n\t\t\t\t\t\t\t\t\t<span class=\"elementor-button-text\">Botiga online<\/span>\n\t\t\t\t\t<\/span>\n\t\t\t\t\t<\/a>\n\t\t\t\t<\/div>\n\t\t\t\t\t\t\t\t<\/div>\n\t\t\t\t<\/div>\n\t\t\t\t\t<\/div>\n\t\t\t\t<\/div>\n\t\t<div class=\"elementor-element elementor-element-57af407 e-flex e-con-boxed e-con e-parent\" data-id=\"57af407\" data-element_type=\"container\" data-settings=\"{&quot;background_background&quot;:&quot;classic&quot;}\">\n\t\t\t\t\t<div class=\"e-con-inner\">\n\t\t\t\t<div class=\"elementor-element elementor-element-c8da450 elementor-widget__width-initial elementor-widget elementor-widget-image\" data-id=\"c8da450\" data-element_type=\"widget\" data-widget_type=\"image.default\">\n\t\t\t\t<div class=\"elementor-widget-container\">\n\t\t\t\t\t\t\t\t\t\t\t\t\t\t\t<img fetchpriority=\"high\" decoding=\"async\" width=\"567\" height=\"851\" src=\"https:\/\/cdmitjans.com\/wp-content\/uploads\/2025\/12\/520390-001-2.jpg\" class=\"attachment-full size-full wp-image-2122\" alt=\"\" srcset=\"https:\/\/cdmitjans.com\/wp-content\/uploads\/2025\/12\/520390-001-2.jpg 567w, https:\/\/cdmitjans.com\/wp-content\/uploads\/2025\/12\/520390-001-2-200x300.jpg 200w, https:\/\/cdmitjans.com\/wp-content\/uploads\/2025\/12\/520390-001-2-8x12.jpg 8w\" sizes=\"(max-width: 567px) 100vw, 567px\" \/>\t\t\t\t\t\t\t\t\t\t\t\t\t\t\t<\/div>\n\t\t\t\t<\/div>\n\t\t<div class=\"elementor-element elementor-element-a02987e e-flex e-con-boxed elementor-invisible e-con e-child\" data-id=\"a02987e\" data-element_type=\"container\" data-settings=\"{&quot;animation&quot;:&quot;fadeInLeft&quot;,&quot;background_background&quot;:&quot;classic&quot;}\">\n\t\t\t\t\t<div class=\"e-con-inner\">\n\t\t<div class=\"elementor-element elementor-element-276c379 e-flex e-con-boxed elementor-invisible e-con e-child\" data-id=\"276c379\" data-element_type=\"container\" data-settings=\"{&quot;animation&quot;:&quot;fadeInRight&quot;,&quot;background_background&quot;:&quot;classic&quot;}\">\n\t\t\t\t\t<div class=\"e-con-inner\">\n\t\t\t\t<div class=\"elementor-element elementor-element-20314f9 elementor-widget elementor-widget-heading\" data-id=\"20314f9\" data-element_type=\"widget\" data-widget_type=\"heading.default\">\n\t\t\t\t<div class=\"elementor-widget-container\">\n\t\t\t\t\t<h2 class=\"elementor-heading-title elementor-size-default\">Producte sostenible i de proximitat<\/h2>\t\t\t\t<\/div>\n\t\t\t\t<\/div>\n\t\t\t\t<div class=\"elementor-element elementor-element-f577d3e elementor-widget elementor-widget-text-editor\" data-id=\"f577d3e\" data-element_type=\"widget\" data-widget_type=\"text-editor.default\">\n\t\t\t\t<div class=\"elementor-widget-container\">\n\t\t\t\t\t\t\t\t\t<p>El nostre comprom\u00eds \u00e9s oferir la millor qualitat als nostres clients, treballant de manera sostenible i conscient. El <strong>90% del nostre material \u00e9s de fabricaci\u00f3 europea<\/strong>, garantint aix\u00ed un tracte just i hum\u00e0.\u00a0<\/p>\t\t\t\t\t\t\t\t<\/div>\n\t\t\t\t<\/div>\n\t\t\t\t<div class=\"elementor-element elementor-element-7be9975 elementor-align-center elementor-mobile-align-center elementor-invisible elementor-widget elementor-widget-button\" data-id=\"7be9975\" data-element_type=\"widget\" data-settings=\"{&quot;_animation&quot;:&quot;fadeInDown&quot;,&quot;_animation_delay&quot;:300}\" data-widget_type=\"button.default\">\n\t\t\t\t<div class=\"elementor-widget-container\">\n\t\t\t\t\t\t\t\t\t<div class=\"elementor-button-wrapper\">\n\t\t\t\t\t<a class=\"elementor-button elementor-button-link elementor-size-sm\" href=\"https:\/\/cdmitjans.com\/ca\/nuestra-coleccion\/\">\n\t\t\t\t\t\t<span class=\"elementor-button-content-wrapper\">\n\t\t\t\t\t\t\t\t\t<span class=\"elementor-button-text\">Col\u00b7leccions<\/span>\n\t\t\t\t\t<\/span>\n\t\t\t\t\t<\/a>\n\t\t\t\t<\/div>\n\t\t\t\t\t\t\t\t<\/div>\n\t\t\t\t<\/div>\n\t\t\t\t\t<\/div>\n\t\t\t\t<\/div>\n\t\t\t\t\t<\/div>\n\t\t\t\t<\/div>\n\t\t\t\t\t<\/div>\n\t\t\t\t<\/div>\n\t\t<div class=\"elementor-element elementor-element-4a05623 e-con-full e-flex e-con e-parent\" data-id=\"4a05623\" data-element_type=\"container\">\n\t\t<div class=\"elementor-element elementor-element-2622f98 e-con-full e-flex e-con e-child\" data-id=\"2622f98\" data-element_type=\"container\">\n\t\t\t\t<div class=\"elementor-element elementor-element-4b4c00e elementor-widget elementor-widget-text-editor\" data-id=\"4b4c00e\" data-element_type=\"widget\" data-widget_type=\"text-editor.default\">\n\t\t\t\t<div class=\"elementor-widget-container\">\n\t\t\t\t\t\t\t\t\t<h1>\u00a0<\/h1><h3 style=\"text-align: center;\"><strong>\u00bf Ets una botiga?<\/strong><\/h3><p style=\"text-align: center;\">Si en tens una\u00a0<strong>botiga f\u00edsica o en l\u00ednia<\/strong>, i vols col\u00b7laborar amb nosaltres, \u00e9s possible.\u00a0<\/p><p style=\"text-align: center;\">La nostra relaci\u00f3 B2B us ofereix avantatges exclusius per potenciar el vostre negoci.<\/p>\t\t\t\t\t\t\t\t<\/div>\n\t\t\t\t<\/div>\n\t\t\t\t<div class=\"elementor-element elementor-element-bd2bf9a elementor-align-center elementor-widget elementor-widget-button\" data-id=\"bd2bf9a\" data-element_type=\"widget\" data-widget_type=\"button.default\">\n\t\t\t\t<div class=\"elementor-widget-container\">\n\t\t\t\t\t\t\t\t\t<div class=\"elementor-button-wrapper\">\n\t\t\t\t\t<a class=\"elementor-button elementor-button-link elementor-size-sm\" href=\"https:\/\/cdmitjans.com\/ca\/contacto\/\" target=\"_blank\">\n\t\t\t\t\t\t<span class=\"elementor-button-content-wrapper\">\n\t\t\t\t\t\t\t\t\t<span class=\"elementor-button-text\">UNIR-SE<\/span>\n\t\t\t\t\t<\/span>\n\t\t\t\t\t<\/a>\n\t\t\t\t<\/div>\n\t\t\t\t\t\t\t\t<\/div>\n\t\t\t\t<\/div>\n\t\t\t\t<\/div>\n\t\t\t\t<div class=\"elementor-element elementor-element-67dd765 elementor-widget__width-initial elementor-widget elementor-widget-image\" data-id=\"67dd765\" data-element_type=\"widget\" data-widget_type=\"image.default\">\n\t\t\t\t<div class=\"elementor-widget-container\">\n\t\t\t\t\t\t\t\t\t\t\t\t\t\t\t<img decoding=\"async\" width=\"567\" height=\"851\" src=\"https:\/\/cdmitjans.com\/wp-content\/uploads\/2023\/11\/540305-762-2.jpg\" class=\"attachment-large size-large wp-image-1947\" alt=\"\" srcset=\"https:\/\/cdmitjans.com\/wp-content\/uploads\/2023\/11\/540305-762-2.jpg 567w, https:\/\/cdmitjans.com\/wp-content\/uploads\/2023\/11\/540305-762-2-200x300.jpg 200w, https:\/\/cdmitjans.com\/wp-content\/uploads\/2023\/11\/540305-762-2-8x12.jpg 8w\" sizes=\"(max-width: 567px) 100vw, 567px\" \/>\t\t\t\t\t\t\t\t\t\t\t\t\t\t\t<\/div>\n\t\t\t\t<\/div>\n\t\t\t\t<\/div>\n\t\t<div class=\"elementor-element elementor-element-3a3ba1a e-con-full e-flex e-con e-parent\" data-id=\"3a3ba1a\" data-element_type=\"container\">\n\t\t\t\t<div class=\"elementor-element elementor-element-35a29af elementor-widget__width-inherit elementor-widget elementor-widget-image\" data-id=\"35a29af\" data-element_type=\"widget\" data-widget_type=\"image.default\">\n\t\t\t\t<div class=\"elementor-widget-container\">\n\t\t\t\t\t\t\t\t\t\t\t\t\t\t\t\t<a href=\"https:\/\/cdmitjans.com\/ca\/ferias-y-eventos-profesionales\/\">\n\t\t\t\t\t\t\t<img decoding=\"async\" width=\"851\" height=\"315\" src=\"https:\/\/cdmitjans.com\/wp-content\/uploads\/2025\/05\/Portada-para-Facebook-para-Feria-de-Moda-Fotografica-Negra-y-Blanca2.png\" class=\"attachment-full size-full wp-image-1796\" alt=\"\" srcset=\"https:\/\/cdmitjans.com\/wp-content\/uploads\/2025\/05\/Portada-para-Facebook-para-Feria-de-Moda-Fotografica-Negra-y-Blanca2.png 851w, https:\/\/cdmitjans.com\/wp-content\/uploads\/2025\/05\/Portada-para-Facebook-para-Feria-de-Moda-Fotografica-Negra-y-Blanca2-300x111.png 300w, https:\/\/cdmitjans.com\/wp-content\/uploads\/2025\/05\/Portada-para-Facebook-para-Feria-de-Moda-Fotografica-Negra-y-Blanca2-768x284.png 768w, https:\/\/cdmitjans.com\/wp-content\/uploads\/2025\/05\/Portada-para-Facebook-para-Feria-de-Moda-Fotografica-Negra-y-Blanca2-18x7.png 18w\" sizes=\"(max-width: 851px) 100vw, 851px\" \/>\t\t\t\t\t\t\t\t<\/a>\n\t\t\t\t\t\t\t\t\t\t\t\t\t\t\t<\/div>\n\t\t\t\t<\/div>\n\t\t\t\t<\/div>\n\t\t\t\t<\/div>","protected":false},"excerpt":{"rendered":"<p>Moda de calidad para mujeres elegantes, modernas y sofisticadas Contactar Tienda online Producto sostenible y de proximidad Nuestro compromiso es ofrecer la mejor calidad a nuestros clientes, trabajando de manera sostenible y consciente. El 90% de nuestro material es de fabricaci\u00f3n europea, garantizando as\u00ed un trato justo y humano.\u00a0 Colecciones \u00a0 \u00bfEres una tienda? Si [&hellip;]<\/p>","protected":false},"author":1,"featured_media":0,"parent":0,"menu_order":1,"comment_status":"closed","ping_status":"closed","template":"","meta":{"footnotes":""},"class_list":["post-8","page","type-page","status-publish","hentry"],"yoast_head":"<!-- This site is optimized with the Yoast SEO plugin v25.8 - https:\/\/yoast.com\/wordpress\/plugins\/seo\/ -->\n<title>Distribuidor y fabricante de ropa de mujer en Espa\u00f1a | CD Mitjans<\/title>\n<meta name=\"description\" content=\"Fabricante y distribuidor de ropa para mujer en Espa\u00f1a. Moda femenina, lencer\u00eda y pijamas al por mayor para tiendas y profesionales.\" \/>\n<meta name=\"robots\" content=\"index, follow, max-snippet:-1, max-image-preview:large, max-video-preview:-1\" \/>\n<link rel=\"canonical\" href=\"https:\/\/cdmitjans.com\/ca\/\" \/>\n<meta property=\"og:locale\" content=\"ca_ES\" \/>\n<meta property=\"og:type\" content=\"article\" \/>\n<meta property=\"og:title\" content=\"Distribuidor y fabricante de ropa de mujer en Espa\u00f1a | CD Mitjans\" \/>\n<meta property=\"og:description\" content=\"Fabricante y distribuidor de ropa para mujer en Espa\u00f1a. Moda femenina, lencer\u00eda y pijamas al por mayor para tiendas y profesionales.\" \/>\n<meta property=\"og:url\" content=\"https:\/\/cdmitjans.com\/ca\/\" \/>\n<meta property=\"og:site_name\" content=\"CD Mitjans\" \/>\n<meta property=\"article:modified_time\" content=\"2026-01-22T11:54:38+00:00\" \/>\n<meta property=\"og:image\" content=\"https:\/\/cdmitjans.com\/wp-content\/uploads\/2025\/12\/520390-001-2.jpg\" \/>\n\t<meta property=\"og:image:width\" content=\"567\" \/>\n\t<meta property=\"og:image:height\" content=\"851\" \/>\n\t<meta property=\"og:image:type\" content=\"image\/jpeg\" \/>\n<meta name=\"twitter:card\" content=\"summary_large_image\" \/>\n<meta name=\"twitter:label1\" content=\"Temps estimat de lectura\" \/>\n\t<meta name=\"twitter:data1\" content=\"1 minut\" \/>\n<script type=\"application\/ld+json\" class=\"yoast-schema-graph\">{\"@context\":\"https:\/\/schema.org\",\"@graph\":[{\"@type\":\"WebPage\",\"@id\":\"https:\/\/cdmitjans.com\/\",\"url\":\"https:\/\/cdmitjans.com\/\",\"name\":\"Distribuidor y fabricante de ropa de mujer en Espa\u00f1a | CD Mitjans\",\"isPartOf\":{\"@id\":\"https:\/\/cdmitjans.com\/en\/#website\"},\"primaryImageOfPage\":{\"@id\":\"https:\/\/cdmitjans.com\/#primaryimage\"},\"image\":{\"@id\":\"https:\/\/cdmitjans.com\/#primaryimage\"},\"thumbnailUrl\":\"https:\/\/cdmitjans.com\/wp-content\/uploads\/2025\/12\/520390-001-2.jpg\",\"datePublished\":\"2023-11-27T10:53:22+00:00\",\"dateModified\":\"2026-01-22T11:54:38+00:00\",\"description\":\"Fabricante y distribuidor de ropa para mujer en Espa\u00f1a. Moda femenina, lencer\u00eda y pijamas al por mayor para tiendas y profesionales.\",\"breadcrumb\":{\"@id\":\"https:\/\/cdmitjans.com\/#breadcrumb\"},\"inLanguage\":\"ca\",\"potentialAction\":[{\"@type\":\"ReadAction\",\"target\":[\"https:\/\/cdmitjans.com\/\"]}]},{\"@type\":\"ImageObject\",\"inLanguage\":\"ca\",\"@id\":\"https:\/\/cdmitjans.com\/#primaryimage\",\"url\":\"https:\/\/cdmitjans.com\/wp-content\/uploads\/2025\/12\/520390-001-2.jpg\",\"contentUrl\":\"https:\/\/cdmitjans.com\/wp-content\/uploads\/2025\/12\/520390-001-2.jpg\"},{\"@type\":\"BreadcrumbList\",\"@id\":\"https:\/\/cdmitjans.com\/#breadcrumb\",\"itemListElement\":[{\"@type\":\"ListItem\",\"position\":1,\"name\":\"Portada\",\"item\":\"https:\/\/cdmitjans.com\/\"},{\"@type\":\"ListItem\",\"position\":2,\"name\":\"Inicio\"}]},{\"@type\":\"WebSite\",\"@id\":\"https:\/\/cdmitjans.com\/en\/#website\",\"url\":\"https:\/\/cdmitjans.com\/en\/\",\"name\":\"CD Mitjans\",\"description\":\"\",\"potentialAction\":[{\"@type\":\"SearchAction\",\"target\":{\"@type\":\"EntryPoint\",\"urlTemplate\":\"https:\/\/cdmitjans.com\/en\/?s={search_term_string}\"},\"query-input\":{\"@type\":\"PropertyValueSpecification\",\"valueRequired\":true,\"valueName\":\"search_term_string\"}}],\"inLanguage\":\"ca\"}]}<\/script>\n<!-- \/ Yoast SEO plugin. -->","yoast_head_json":{"title":"Distribu\u00efdor i fabricant de roba de dona a Espanya | CD Mitjans","description":"Fabricant i distribu\u00efdor de roba per a dona a Espanya. Moda femenina, llenceria i pijames a l&#039;engr\u00f2s per a botigues i professionals.","robots":{"index":"index","follow":"follow","max-snippet":"max-snippet:-1","max-image-preview":"max-image-preview:large","max-video-preview":"max-video-preview:-1"},"canonical":"https:\/\/cdmitjans.com\/ca\/","og_locale":"ca_ES","og_type":"article","og_title":"Distribuidor y fabricante de ropa de mujer en Espa\u00f1a | CD Mitjans","og_description":"Fabricante y distribuidor de ropa para mujer en Espa\u00f1a. Moda femenina, lencer\u00eda y pijamas al por mayor para tiendas y profesionales.","og_url":"https:\/\/cdmitjans.com\/ca\/","og_site_name":"CD Mitjans","article_modified_time":"2026-01-22T11:54:38+00:00","og_image":[{"width":567,"height":851,"url":"https:\/\/cdmitjans.com\/wp-content\/uploads\/2025\/12\/520390-001-2.jpg","type":"image\/jpeg"}],"twitter_card":"summary_large_image","twitter_misc":{"Temps estimat de lectura":"1 minut"},"schema":{"@context":"https:\/\/schema.org","@graph":[{"@type":"WebPage","@id":"https:\/\/cdmitjans.com\/","url":"https:\/\/cdmitjans.com\/","name":"Distribu\u00efdor i fabricant de roba de dona a Espanya | CD Mitjans","isPartOf":{"@id":"https:\/\/cdmitjans.com\/en\/#website"},"primaryImageOfPage":{"@id":"https:\/\/cdmitjans.com\/#primaryimage"},"image":{"@id":"https:\/\/cdmitjans.com\/#primaryimage"},"thumbnailUrl":"https:\/\/cdmitjans.com\/wp-content\/uploads\/2025\/12\/520390-001-2.jpg","datePublished":"2023-11-27T10:53:22+00:00","dateModified":"2026-01-22T11:54:38+00:00","description":"Fabricant i distribu\u00efdor de roba per a dona a Espanya. Moda femenina, llenceria i pijames a l&#039;engr\u00f2s per a botigues i professionals.","breadcrumb":{"@id":"https:\/\/cdmitjans.com\/#breadcrumb"},"inLanguage":"ca","potentialAction":[{"@type":"ReadAction","target":["https:\/\/cdmitjans.com\/"]}]},{"@type":"ImageObject","inLanguage":"ca","@id":"https:\/\/cdmitjans.com\/#primaryimage","url":"https:\/\/cdmitjans.com\/wp-content\/uploads\/2025\/12\/520390-001-2.jpg","contentUrl":"https:\/\/cdmitjans.com\/wp-content\/uploads\/2025\/12\/520390-001-2.jpg"},{"@type":"BreadcrumbList","@id":"https:\/\/cdmitjans.com\/#breadcrumb","itemListElement":[{"@type":"ListItem","position":1,"name":"Portada","item":"https:\/\/cdmitjans.com\/"},{"@type":"ListItem","position":2,"name":"Inicio"}]},{"@type":"WebSite","@id":"https:\/\/cdmitjans.com\/en\/#website","url":"https:\/\/cdmitjans.com\/en\/","name":"CD Mitjans","description":"","potentialAction":[{"@type":"SearchAction","target":{"@type":"EntryPoint","urlTemplate":"https:\/\/cdmitjans.com\/en\/?s={search_term_string}"},"query-input":{"@type":"PropertyValueSpecification","valueRequired":true,"valueName":"search_term_string"}}],"inLanguage":"ca"}]}},"_links":{"self":[{"href":"https:\/\/cdmitjans.com\/ca\/wp-json\/wp\/v2\/pages\/8","targetHints":{"allow":["GET"]}}],"collection":[{"href":"https:\/\/cdmitjans.com\/ca\/wp-json\/wp\/v2\/pages"}],"about":[{"href":"https:\/\/cdmitjans.com\/ca\/wp-json\/wp\/v2\/types\/page"}],"author":[{"embeddable":true,"href":"https:\/\/cdmitjans.com\/ca\/wp-json\/wp\/v2\/users\/1"}],"replies":[{"embeddable":true,"href":"https:\/\/cdmitjans.com\/ca\/wp-json\/wp\/v2\/comments?post=8"}],"version-history":[{"count":412,"href":"https:\/\/cdmitjans.com\/ca\/wp-json\/wp\/v2\/pages\/8\/revisions"}],"predecessor-version":[{"id":2190,"href":"https:\/\/cdmitjans.com\/ca\/wp-json\/wp\/v2\/pages\/8\/revisions\/2190"}],"wp:attachment":[{"href":"https:\/\/cdmitjans.com\/ca\/wp-json\/wp\/v2\/media?parent=8"}],"curies":[{"name":"wp","href":"https:\/\/api.w.org\/{rel}","templated":true}]}}