{"id":296,"date":"2023-11-28T00:50:20","date_gmt":"2023-11-28T00:50:20","guid":{"rendered":"https:\/\/cdmitjans.com\/?page_id=296"},"modified":"2024-03-21T14:38:54","modified_gmt":"2024-03-21T13:38:54","slug":"aviso-legal","status":"publish","type":"page","link":"https:\/\/cdmitjans.com\/ca\/aviso-legal\/","title":{"rendered":"Av\u00eds Legal"},"content":{"rendered":"<div data-elementor-type=\"wp-page\" data-elementor-id=\"296\" class=\"elementor elementor-296\" data-elementor-post-type=\"page\">\n\t\t\t\t<div class=\"elementor-element elementor-element-0df68bf e-flex e-con-boxed e-con e-parent\" data-id=\"0df68bf\" data-element_type=\"container\">\n\t\t\t\t\t<div class=\"e-con-inner\">\n\t\t\t\t<div class=\"elementor-element elementor-element-6f5900f elementor-widget elementor-widget-heading\" data-id=\"6f5900f\" data-element_type=\"widget\" data-widget_type=\"heading.default\">\n\t\t\t\t<div class=\"elementor-widget-container\">\n\t\t\t\t\t<h2 class=\"elementor-heading-title elementor-size-default\">Av\u00eds Legal<\/h2>\t\t\t\t<\/div>\n\t\t\t\t<\/div>\n\t\t\t\t<div class=\"elementor-element elementor-element-01dd3cb elementor-widget elementor-widget-text-editor\" data-id=\"01dd3cb\" data-element_type=\"widget\" data-widget_type=\"text-editor.default\">\n\t\t\t\t<div class=\"elementor-widget-container\">\n\t\t\t\t\t\t\t\t\t<h2 class=\"wp-block-heading\">Responsable del tractament de les dades<\/h2><p>En compliment del deure informaci\u00f3 que estableix la Llei La 34\/2002, d&#039;11 de juliol, de Serveis de la Societat de la Informaci\u00f3 i del Comer\u00e7 Electr\u00f2nic, us comuniquem que aquesta web \u00e9s titularitat de:<\/p><ul><li>Web: cdmitjans.com<\/li><li>Responsable: CREACIONS I DISSENY MITJANS SL<\/li><li>NIF: <span class=\"text-bodytext-m text-neutrals-700\">B64704976<\/span><\/li><li>Domicili: Carrer Dr. Torras i Bages, 114<\/li><li>Poblaci\u00f3: 08223 Terrassa \u2013 Barcelona<\/li><li>Tel\u00e8fon: 93 731 41 44<\/li><\/ul><h2 class=\"wp-block-heading\">Objecte<\/h2><p>El Responsable posa a disposici\u00f3 dels usuaris aquest document amb qu\u00e8 pret\u00e9n donar compliment del que disposa la normativa vigent en mat\u00e8ria de protecci\u00f3 de dades, i en el context del nou marc normatiu establert en virtut del que disposa el Reglament (UE ) 2016\/679 del Parlament Europeu i del Consell, de 27 d&#039;abril de 2016, relatiu a la protecci\u00f3 de les persones f\u00edsiques quant al tractament de dades personals ia la lliure circulaci\u00f3 d&#039;aquestes dades (d&#039;ara endavant, el RGPD), i la normativa nacional en mat\u00e8ria de protecci\u00f3 de dades de car\u00e0cter personal, aix\u00ed com informar tots els usuaris del lloc web respecte a quines s\u00f3n les condicions d\u00fas del mateix. Tota persona que accedeixi a aquest lloc web assumeix el paper d&#039;usuari, comprometent-se a l&#039;observan\u00e7a i el compliment rigor\u00f3s de les disposicions aqu\u00ed disposades, aix\u00ed com a qualsevol altra disposici\u00f3 legal que sigui aplicable. El Responsable es reserva el dret a modificar qualsevol tipus d&#039;informaci\u00f3 que pogu\u00e9s apar\u00e8ixer al lloc web, sense que hi hagi obligaci\u00f3 de preavisar o posar en coneixement dels usuaris aquestes obligacions, entenent-se com a suficient amb la publicaci\u00f3 al lloc web del Responsable.<\/p><h2 class=\"wp-block-heading\">Responsabilitat<\/h2><p>El Responsable s&#039;eximeix de qualsevol tipus de responsabilitat derivada de la informaci\u00f3 publicada al vostre lloc web, sempre que aquesta informaci\u00f3 hagi estat manipulada o introdu\u00efda per un tercer ali\u00e8 al mateix.<\/p><h2 class=\"wp-block-heading\">Adreces ip<\/h2><p>Els servidors del lloc web podran detectar autom\u00e0ticament ladre\u00e7a IP i el nom de domini utilitzats per lusuari. Una adre\u00e7a IP \u00e9s un n\u00famero assignat autom\u00e0ticament a un ordinador quan aquest es connecta a Internet. Tota aquesta informaci\u00f3 est\u00e0 registrada en un fitxer d&#039;activitat del servidor, degudament inscrit, que permet el processament posterior de les dades per obtenir mesures \u00fanicament estad\u00edstiques que permetin con\u00e8ixer el nombre d&#039;impressions de p\u00e0gines, el nombre de visites realitzades als servidors web, ordre de visites, punt dacc\u00e9s, etc.<\/p><h2 class=\"wp-block-heading\">Pol\u00edtica d&#039;enlla\u00e7os<\/h2><p>Des del present lloc web \u00e9s possible que es redirigeixi a continguts de tercers llocs web. At\u00e8s que El Responsable no pot controlar sempre els continguts introdu\u00efts pels tercers als seus llocs web, aquest no assumeix cap mena de responsabilitat respecte a aquests continguts. En tot cas, El Responsable manifesta que procedir\u00e0 a la retirada immediata de qualsevol contingut que pogu\u00e9s contravenir la legislaci\u00f3 nacional o internacional, la moral o l&#039;ordre p\u00fablic, procedint a la retirada immediata de la redirecci\u00f3 a aquest lloc web, posant en coneixement de les autoritats competents el contingut en q\u00fcesti\u00f3. El Responsable no es fa responsable de la informaci\u00f3 i continguts emmagatzemats, a t\u00edtol enunciatiu per\u00f2 no limitatiu, en f\u00f2rums, xats, generadors de blocs, comentaris, xarxes socials o qualsevol altre mitj\u00e0 que permeti a tercers publicar continguts de forma independent a la p\u00e0gina web del Responsable. No obstant aix\u00f2 i en compliment del que disposa l&#039;art. 11 i 16 de la LSSICE, El Responsable es posa a disposici\u00f3 de tots els usuaris, autoritats i forces de seguretat, col\u00b7laborant de forma activa en la retirada o si \u00e9s el cas bloqueig de tots aquells continguts que poguessin afectar o contravenir la legislaci\u00f3 nacional, o internacional, drets de tercers o la moral i lordre p\u00fablic. En cas que l&#039;usuari consideri que hi ha al lloc web algun contingut que pogu\u00e9s ser susceptible d&#039;aquesta classificaci\u00f3, es prega que ho notifiqui de manera immediata a l&#039;administrador del lloc web. Aquest lloc web ha estat revisat i provat perqu\u00e8 funcioni correctament. En principi, es pot garantir el funcionament correcte els 365 dies de l&#039;any, 24 hores al dia. Tot i aix\u00f2, El Responsable no descarta la possibilitat que hi hagi certs errors de programaci\u00f3, o que es converteixin en causes de for\u00e7a major, cat\u00e0strofes naturals, vagues, o circumst\u00e0ncies similars que facin impossible l&#039;acc\u00e9s a la p\u00e0gina web.<\/p><h2 class=\"wp-block-heading\">Protecci\u00f3 de dades<\/h2><p>El Responsable es troba profundament comprom\u00e8s en el compliment del que disposa la normativa vigent en mat\u00e8ria de protecci\u00f3 de dades, i en el context del nou marc normatiu establert en virtut del que disposa el Reglament (UE) 2016\/679 del Parlament Europeu i del Consell , de 27 d&#039;abril de 2016, relatiu a la protecci\u00f3 de les persones f\u00edsiques quant al tractament de dades personals ia la lliure circulaci\u00f3 d&#039;aquestes dades (d&#039;ara endavant, el RGPD), i la normativa nacional en mat\u00e8ria de protecci\u00f3 de dades de car\u00e0cter personal. Aix\u00ed mateix, El Responsable informa que d\u00f3na compliment a la Llei 34\/2002 d&#039;11 de juliol, de Serveis de la Societat de la Informaci\u00f3 i el Comer\u00e7 Electr\u00f2nic i us sol\u00b7licitar\u00e0 el consentiment al tractament de les vostres dades amb fins comercials en cada moment.<\/p><h2 class=\"wp-block-heading\">Propietat intel\u00b7lectual i industrial<\/h2><p>El lloc web, incloent-hi a t\u00edtol enunciatiu per\u00f2 no limitatiu la seva programaci\u00f3, edici\u00f3, compilaci\u00f3 i altres elements necessaris per al seu funcionament, els dissenys, logotips, text i\/o gr\u00e0fics s\u00f3n propietat del Responsable o si escau disposa de llic\u00e8ncia o autoritzaci\u00f3 expressa per part dels autors. Tots els continguts del lloc web estan protegits degudament per la normativa de propietat intel\u00b7lectual i industrial. Independentment de la finalitat per a la qual fossin destinats, la reproducci\u00f3 total o parcial, \u00fas, explotaci\u00f3, distribuci\u00f3 i comercialitzaci\u00f3 requereix en tot cas lautoritzaci\u00f3 escrita pr\u00e8via per part del Responsable. Qualsevol \u00fas no autoritzat pr\u00e8viament pel responsable ser\u00e0 considerat un incompliment greu dels drets de propietat intel\u00b7lectual o industrial de lautor. Els dissenys, logotips, text i\/o gr\u00e0fics aliens al prestador i que poguessin apar\u00e8ixer al lloc web, pertanyen als seus respectius propietaris, sent ells mateixos responsables de qualsevol possible controv\u00e8rsia que pogu\u00e9s suscitar-se respecte a aquests. En tot cas, El Responsable compta amb lautoritzaci\u00f3 expressa i pr\u00e8via per part dels mateixos. El Responsable autoritza expressament que tercers puguin redirigir directament els continguts concrets del lloc web, i en tot cas ha de redirigir a la p\u00e0gina principal del lloc web del Responsable. El Responsable reconeix a favor dels seus titulars els corresponents drets de propietat intel\u00b7lectual i industrial, i no implica la seva sola menci\u00f3 o aparici\u00f3 al lloc web l&#039;exist\u00e8ncia de drets o responsabilitat del Responsable sobre aquests, com tampoc suport, patrocini o recomanaci\u00f3 pel seu part . Per a totes aquelles imatges en qu\u00e8 el programari de disseny ho permet, s&#039;hi han incl\u00f2s les refer\u00e8ncies corresponents a l&#039;autoria i la llic\u00e8ncia corresponent.\u00a0<span class=\"\">Per realitzar qualsevol tipus d&#039;observaci\u00f3 respecte a possibles incompliments dels drets de propietat intel\u00b7lectual o industrial, aix\u00ed com sobre qualsevol dels continguts del lloc web, podeu fer-ho a trav\u00e9s del correu electr\u00f2nic seg\u00fcent: <span style=\"font-weight: 400;\">ventas@cdmitjans.es<\/span><\/span><\/p>\t\t\t\t\t\t\t\t<\/div>\n\t\t\t\t<\/div>\n\t\t\t\t\t<\/div>\n\t\t\t\t<\/div>\n\t\t\t\t<\/div>","protected":false},"excerpt":{"rendered":"<p>Aviso Legal Responsable del tratamiento de los datos En cumplimiento del deber de informaci\u00f3n que establece la Ley La 34\/2002, de 11 de julio, de Servicios de la Sociedad de la Informaci\u00f3n y del Comercio Electr\u00f3nico, le comunicamos que esta web es titularidad de: Web: cdmitjans.com Responsable: CREACIONES Y DISE\u00d1O MITJANS S.L. NIF: B64704976 Domicilio: [&hellip;]<\/p>","protected":false},"author":1,"featured_media":0,"parent":0,"menu_order":7,"comment_status":"closed","ping_status":"closed","template":"","meta":{"footnotes":""},"class_list":["post-296","page","type-page","status-publish","hentry"],"yoast_head":"<!-- This site is optimized with the Yoast SEO plugin v25.8 - https:\/\/yoast.com\/wordpress\/plugins\/seo\/ -->\n<title>Aviso Legal - CD Mitjans<\/title>\n<meta name=\"robots\" content=\"index, follow, max-snippet:-1, max-image-preview:large, max-video-preview:-1\" \/>\n<link rel=\"canonical\" href=\"https:\/\/cdmitjans.com\/ca\/aviso-legal\/\" \/>\n<meta property=\"og:locale\" content=\"ca_ES\" \/>\n<meta property=\"og:type\" content=\"article\" \/>\n<meta property=\"og:title\" content=\"Aviso Legal - CD Mitjans\" \/>\n<meta property=\"og:description\" content=\"Aviso Legal Responsable del tratamiento de los datos En cumplimiento del deber de informaci\u00f3n que establece la Ley La 34\/2002, de 11 de julio, de Servicios de la Sociedad de la Informaci\u00f3n y del Comercio Electr\u00f3nico, le comunicamos que esta web es titularidad de: Web: cdmitjans.com Responsable: CREACIONES Y DISE\u00d1O MITJANS S.L. NIF: B64704976 Domicilio: [&hellip;]\" \/>\n<meta property=\"og:url\" content=\"https:\/\/cdmitjans.com\/ca\/aviso-legal\/\" \/>\n<meta property=\"og:site_name\" content=\"CD Mitjans\" \/>\n<meta property=\"article:modified_time\" content=\"2024-03-21T13:38:54+00:00\" \/>\n<meta name=\"twitter:card\" content=\"summary_large_image\" \/>\n<meta name=\"twitter:label1\" content=\"Temps estimat de lectura\" \/>\n\t<meta name=\"twitter:data1\" content=\"6 minuts\" \/>\n<script type=\"application\/ld+json\" class=\"yoast-schema-graph\">{\"@context\":\"https:\/\/schema.org\",\"@graph\":[{\"@type\":\"WebPage\",\"@id\":\"https:\/\/cdmitjans.com\/aviso-legal\/\",\"url\":\"https:\/\/cdmitjans.com\/aviso-legal\/\",\"name\":\"Aviso Legal - CD Mitjans\",\"isPartOf\":{\"@id\":\"https:\/\/cdmitjans.com\/en\/#website\"},\"datePublished\":\"2023-11-28T00:50:20+00:00\",\"dateModified\":\"2024-03-21T13:38:54+00:00\",\"breadcrumb\":{\"@id\":\"https:\/\/cdmitjans.com\/aviso-legal\/#breadcrumb\"},\"inLanguage\":\"ca\",\"potentialAction\":[{\"@type\":\"ReadAction\",\"target\":[\"https:\/\/cdmitjans.com\/aviso-legal\/\"]}]},{\"@type\":\"BreadcrumbList\",\"@id\":\"https:\/\/cdmitjans.com\/aviso-legal\/#breadcrumb\",\"itemListElement\":[{\"@type\":\"ListItem\",\"position\":1,\"name\":\"Portada\",\"item\":\"https:\/\/cdmitjans.com\/\"},{\"@type\":\"ListItem\",\"position\":2,\"name\":\"Aviso Legal\"}]},{\"@type\":\"WebSite\",\"@id\":\"https:\/\/cdmitjans.com\/en\/#website\",\"url\":\"https:\/\/cdmitjans.com\/en\/\",\"name\":\"CD Mitjans\",\"description\":\"\",\"potentialAction\":[{\"@type\":\"SearchAction\",\"target\":{\"@type\":\"EntryPoint\",\"urlTemplate\":\"https:\/\/cdmitjans.com\/en\/?s={search_term_string}\"},\"query-input\":{\"@type\":\"PropertyValueSpecification\",\"valueRequired\":true,\"valueName\":\"search_term_string\"}}],\"inLanguage\":\"ca\"}]}<\/script>\n<!-- \/ Yoast SEO plugin. -->","yoast_head_json":{"title":"Aviso Legal - CD Mitjans","robots":{"index":"index","follow":"follow","max-snippet":"max-snippet:-1","max-image-preview":"max-image-preview:large","max-video-preview":"max-video-preview:-1"},"canonical":"https:\/\/cdmitjans.com\/ca\/aviso-legal\/","og_locale":"ca_ES","og_type":"article","og_title":"Aviso Legal - CD Mitjans","og_description":"Aviso Legal Responsable del tratamiento de los datos En cumplimiento del deber de informaci\u00f3n que establece la Ley La 34\/2002, de 11 de julio, de Servicios de la Sociedad de la Informaci\u00f3n y del Comercio Electr\u00f3nico, le comunicamos que esta web es titularidad de: Web: cdmitjans.com Responsable: CREACIONES Y DISE\u00d1O MITJANS S.L. NIF: B64704976 Domicilio: [&hellip;]","og_url":"https:\/\/cdmitjans.com\/ca\/aviso-legal\/","og_site_name":"CD Mitjans","article_modified_time":"2024-03-21T13:38:54+00:00","twitter_card":"summary_large_image","twitter_misc":{"Temps estimat de lectura":"6 minuts"},"schema":{"@context":"https:\/\/schema.org","@graph":[{"@type":"WebPage","@id":"https:\/\/cdmitjans.com\/aviso-legal\/","url":"https:\/\/cdmitjans.com\/aviso-legal\/","name":"Aviso Legal - CD Mitjans","isPartOf":{"@id":"https:\/\/cdmitjans.com\/en\/#website"},"datePublished":"2023-11-28T00:50:20+00:00","dateModified":"2024-03-21T13:38:54+00:00","breadcrumb":{"@id":"https:\/\/cdmitjans.com\/aviso-legal\/#breadcrumb"},"inLanguage":"ca","potentialAction":[{"@type":"ReadAction","target":["https:\/\/cdmitjans.com\/aviso-legal\/"]}]},{"@type":"BreadcrumbList","@id":"https:\/\/cdmitjans.com\/aviso-legal\/#breadcrumb","itemListElement":[{"@type":"ListItem","position":1,"name":"Portada","item":"https:\/\/cdmitjans.com\/"},{"@type":"ListItem","position":2,"name":"Aviso Legal"}]},{"@type":"WebSite","@id":"https:\/\/cdmitjans.com\/en\/#website","url":"https:\/\/cdmitjans.com\/en\/","name":"CD Mitjans","description":"","potentialAction":[{"@type":"SearchAction","target":{"@type":"EntryPoint","urlTemplate":"https:\/\/cdmitjans.com\/en\/?s={search_term_string}"},"query-input":{"@type":"PropertyValueSpecification","valueRequired":true,"valueName":"search_term_string"}}],"inLanguage":"ca"}]}},"_links":{"self":[{"href":"https:\/\/cdmitjans.com\/ca\/wp-json\/wp\/v2\/pages\/296","targetHints":{"allow":["GET"]}}],"collection":[{"href":"https:\/\/cdmitjans.com\/ca\/wp-json\/wp\/v2\/pages"}],"about":[{"href":"https:\/\/cdmitjans.com\/ca\/wp-json\/wp\/v2\/types\/page"}],"author":[{"embeddable":true,"href":"https:\/\/cdmitjans.com\/ca\/wp-json\/wp\/v2\/users\/1"}],"replies":[{"embeddable":true,"href":"https:\/\/cdmitjans.com\/ca\/wp-json\/wp\/v2\/comments?post=296"}],"version-history":[{"count":17,"href":"https:\/\/cdmitjans.com\/ca\/wp-json\/wp\/v2\/pages\/296\/revisions"}],"predecessor-version":[{"id":1953,"href":"https:\/\/cdmitjans.com\/ca\/wp-json\/wp\/v2\/pages\/296\/revisions\/1953"}],"wp:attachment":[{"href":"https:\/\/cdmitjans.com\/ca\/wp-json\/wp\/v2\/media?parent=296"}],"curies":[{"name":"wp","href":"https:\/\/api.w.org\/{rel}","templated":true}]}}